{"id":4298,"date":"2025-06-30T13:23:32","date_gmt":"2025-06-30T11:23:32","guid":{"rendered":"https:\/\/staging.biofizika.hr\/?page_id=4298"},"modified":"2025-11-26T19:43:57","modified_gmt":"2025-11-26T18:43:57","slug":"nagrade","status":"publish","type":"page","link":"https:\/\/biofizika.hr\/en\/nagrade\/","title":{"rendered":"Awards"},"content":{"rendered":"<div class=\"wp-block-stackable-spacer stk-block-spacer stk--no-padding stk-block stk-691eb1b\" data-block-id=\"691eb1b\"><style>.stk-691eb1b {height:40px !important;}<\/style><\/div>\n\n\n\n<div class=\"wp-block-stackable-heading stk-block-heading stk-block-heading--v2 stk-block stk-ad578eb\" id=\"nagrade\" data-block-id=\"ad578eb\"><style>.stk-ad578eb {margin-top:30px !important;margin-bottom:65px !important;}.stk-ad578eb .stk-block-heading__text{color:var(--stk-global-color-53819, #315536) !important;text-transform:uppercase !important;}<\/style><h2 class=\"stk-block-heading__text has-text-color has-text-align-center\">Awards<\/h2><\/div>\n\n\n\n<div class=\"wp-block-stackable-columns stk-block-columns stk-block stk-20a0c39\" data-block-id=\"20a0c39\"><style>.stk-20a0c39-column{--stk-columns-spacing:var(--stk--preset--spacing--none, 0px) !important;flex-wrap:wrap !important;--stk-flex-grow:0 !important;row-gap:var(--stk--preset--spacing--60, 2.25rem) !important;}<\/style><div class=\"stk-row stk-inner-blocks stk-block-content stk-content-align stk-20a0c39-column\">\n<div class=\"wp-block-stackable-column stk-block-column stk-column stk-block stk-ea5d91e stk-block-background stk--has-background-overlay\" data-v=\"4\" data-block-id=\"ea5d91e\"><style>.stk-ea5d91e {background-color:linear-gradient(180deg,rgb(234,234,234) 0%,rgb(255,255,255) 100%) !important;border-top-left-radius:30px !important;border-top-right-radius:30px !important;border-bottom-right-radius:30px !important;border-bottom-left-radius:30px !important;overflow:hidden !important;margin-right:24px !important;margin-left:24px !important;}.stk-ea5d91e:before{background-image:linear-gradient(180deg,rgb(234,234,234) 0%,rgb(255,255,255) 100%) !important;}<\/style><div class=\"stk-column-wrapper stk-block-column__content stk-container stk-ea5d91e-container stk--no-background stk--no-padding\"><div class=\"stk-block-content stk-inner-blocks stk-ea5d91e-inner-blocks\">\n<div class=\"wp-block-query newslist is-layout-flow wp-block-query-is-layout-flow\" data-block-type=\"core\"><ul class=\"news wp-block-post-template is-layout-flow wp-block-post-template-is-layout-flow\" data-block-type=\"core\"><li class=\"wp-block-post post-5056 post type-post status-publish format-standard has-post-thumbnail hentry category-kongresi-konferencije category-nagrade category-novosti category-seminari\">\n\n<div class=\"wp-block-group has-background is-vertical is-layout-flex wp-container-core-group-is-layout-2eb2ff60 wp-block-group-is-layout-flex\" style=\"background-color:#ffffffc7;padding-top:30px;padding-right:30px;padding-bottom:30px;padding-left:30px\" data-block-type=\"core\"><figure style=\"aspect-ratio:auto;\" class=\"wp-block-post-featured-image\" data-block-type=\"core\"><img loading=\"lazy\" decoding=\"async\" width=\"819\" height=\"1024\" src=\"https:\/\/biofizika.hr\/wp-content\/uploads\/2025\/11\/1_zajednicka-slika_photo-M.-Kozic-819x1024.webp\" class=\"attachment-large size-large wp-post-image\" alt=\"\" style=\"width:100%;height:100%;object-fit:cover;\" srcset=\"https:\/\/biofizika.hr\/wp-content\/uploads\/2025\/11\/1_zajednicka-slika_photo-M.-Kozic-819x1024.webp 819w, https:\/\/biofizika.hr\/wp-content\/uploads\/2025\/11\/1_zajednicka-slika_photo-M.-Kozic-480x600.webp 480w, https:\/\/biofizika.hr\/wp-content\/uploads\/2025\/11\/1_zajednicka-slika_photo-M.-Kozic-768x960.webp 768w, https:\/\/biofizika.hr\/wp-content\/uploads\/2025\/11\/1_zajednicka-slika_photo-M.-Kozic-10x12.webp 10w, https:\/\/biofizika.hr\/wp-content\/uploads\/2025\/11\/1_zajednicka-slika_photo-M.-Kozic.webp 864w\" sizes=\"auto, (max-width: 819px) 100vw, 819px\" \/><\/figure>\n\n<h3 style=\"color:#444444; font-size:20px;font-style:normal;font-weight:700;\" class=\"has-text-align-left has-link-color wp-elements-e0c65dd19a070d015bdb3ee77bc45e81 wp-block-post-title has-text-color\" data-block-type=\"core\"><a href=\"https:\/\/biofizika.hr\/en\/2025\/11\/21\/odrzan-1-skup-mladih-biofizicara\/\" target=\"_self\" >1\u02e2\u1d57 Meeting of Young Biophysicists<\/a><\/h3>\n\n\n<div style=\"height:0px\" aria-hidden=\"true\" class=\"wp-block-spacer wp-container-content-f9bd05ee\" data-block-type=\"core\"><\/div>\n\n\n\n<div class=\"wp-block-group is-nowrap is-layout-flex wp-container-core-group-is-layout-ad2f72ca wp-block-group-is-layout-flex\" data-block-type=\"core\"><div style=\"font-size:12px;\" class=\"has-text-align-center wp-block-post-date\" data-block-type=\"core\"><time datetime=\"2025-11-21T17:45:56+01:00\">November 21, 2025.<\/time><\/div>\n\n<div class=\"taxonomy-category wp-block-post-terms\" data-block-type=\"core\"><a href=\"https:\/\/biofizika.hr\/en\/category\/kongresi-konferencije\/\" rel=\"tag\">Congresses<\/a><span class=\"wp-block-post-terms__separator\">, <\/span><a href=\"https:\/\/biofizika.hr\/en\/category\/nagrade\/\" rel=\"tag\">Awards<\/a><span class=\"wp-block-post-terms__separator\">, <\/span><a href=\"https:\/\/biofizika.hr\/en\/category\/novosti\/\" rel=\"tag\">News<\/a><span class=\"wp-block-post-terms__separator\">, <\/span><a href=\"https:\/\/biofizika.hr\/en\/category\/seminari\/\" rel=\"tag\">Seminars<\/a><\/div><\/div>\n\n\n\n<div style=\"height:0px\" aria-hidden=\"true\" class=\"wp-block-spacer wp-container-content-f9bd05ee\" data-block-type=\"core\"><\/div>\n\n\n<div style=\"font-size:14px;\" class=\"has-text-align-left wp-block-post-excerpt\" data-block-type=\"core\"><p class=\"wp-block-post-excerpt__excerpt\">On Friday, November 14, 2025, the 1st Meeting of Young Biophysicists was held at the Ru\u0111er Bo\u0161kovi\u0107 Institute. The main organizer was the Croatian\u2026 <\/p><\/div>\n\n<a class=\"absolute-url wp-block-read-more\" href=\"https:\/\/biofizika.hr\/en\/2025\/11\/21\/odrzan-1-skup-mladih-biofizicara\/\" target=\"_self\" data-block-type=\"core\">absolute<span class=\"screen-reader-text\">: 1st Meeting of Young Biophysicists Held<\/span><\/a><\/div>\n\n<\/li><li class=\"wp-block-post post-5066 post type-post status-publish format-standard has-post-thumbnail hentry category-nagrade\">\n\n<div class=\"wp-block-group has-background is-vertical is-layout-flex wp-container-core-group-is-layout-2eb2ff60 wp-block-group-is-layout-flex\" style=\"background-color:#ffffffc7;padding-top:30px;padding-right:30px;padding-bottom:30px;padding-left:30px\" data-block-type=\"core\"><figure style=\"aspect-ratio:auto;\" class=\"wp-block-post-featured-image\" data-block-type=\"core\"><img loading=\"lazy\" decoding=\"async\" width=\"1024\" height=\"358\" src=\"https:\/\/biofizika.hr\/wp-content\/uploads\/2015\/07\/tolic2-1024x358.webp\" class=\"attachment-large size-large wp-post-image\" alt=\"\" style=\"width:100%;height:100%;object-fit:cover;\" srcset=\"https:\/\/biofizika.hr\/wp-content\/uploads\/2015\/07\/tolic2-1024x358.webp 1024w, https:\/\/biofizika.hr\/wp-content\/uploads\/2015\/07\/tolic2-600x210.webp 600w, https:\/\/biofizika.hr\/wp-content\/uploads\/2015\/07\/tolic2-768x269.webp 768w, https:\/\/biofizika.hr\/wp-content\/uploads\/2015\/07\/tolic2-1536x538.webp 1536w, https:\/\/biofizika.hr\/wp-content\/uploads\/2015\/07\/tolic2-18x6.webp 18w, https:\/\/biofizika.hr\/wp-content\/uploads\/2015\/07\/tolic2.webp 1920w\" sizes=\"auto, (max-width: 1024px) 100vw, 1024px\" \/><\/figure>\n\n<h3 style=\"color:#444444; font-size:20px;font-style:normal;font-weight:700;\" class=\"has-text-align-left has-link-color wp-elements-e0c65dd19a070d015bdb3ee77bc45e81 wp-block-post-title has-text-color\" data-block-type=\"core\"><a href=\"https:\/\/biofizika.hr\/en\/2015\/07\/22\/clanica-hbd-a-iva-tolic-dobitnica-je-vrlo-prestizne-nagrade-ebsa-e-za-mlade-znanstvenike\/\" target=\"_self\" >HBD member Iva Toli\u0107 is the winner of the highly prestigious EBSA award for young scientists.<\/a><\/h3>\n\n\n<div style=\"height:0px\" aria-hidden=\"true\" class=\"wp-block-spacer wp-container-content-f9bd05ee\" data-block-type=\"core\"><\/div>\n\n\n\n<div class=\"wp-block-group is-nowrap is-layout-flex wp-container-core-group-is-layout-ad2f72ca wp-block-group-is-layout-flex\" data-block-type=\"core\"><div style=\"font-size:12px;\" class=\"has-text-align-center wp-block-post-date\" data-block-type=\"core\"><time datetime=\"2015-07-22T19:51:00+02:00\">July 22, 2015.<\/time><\/div>\n\n<div class=\"taxonomy-category wp-block-post-terms\" data-block-type=\"core\"><a href=\"https:\/\/biofizika.hr\/en\/category\/nagrade\/\" rel=\"tag\">Awards<\/a><\/div><\/div>\n\n\n\n<div style=\"height:0px\" aria-hidden=\"true\" class=\"wp-block-spacer wp-container-content-f9bd05ee\" data-block-type=\"core\"><\/div>\n\n\n<div style=\"font-size:14px;\" class=\"has-text-align-left wp-block-post-excerpt\" data-block-type=\"core\"><p class=\"wp-block-post-excerpt__excerpt\">The European Biophysical Societies&#039; Association (EBSA) has awarded Dr. Iva Toli\u0107 a special recognition for outstanding scientific activity in\u2026 <\/p><\/div>\n\n<a class=\"absolute-url wp-block-read-more\" href=\"https:\/\/biofizika.hr\/en\/2015\/07\/22\/clanica-hbd-a-iva-tolic-dobitnica-je-vrlo-prestizne-nagrade-ebsa-e-za-mlade-znanstvenike\/\" target=\"_self\" data-block-type=\"core\">absolute<span class=\"screen-reader-text\">: HBD member, Iva Toli\u0107, is the winner of the highly prestigious EBSA award for young scientists.<\/span><\/a><\/div>\n\n<\/li><\/ul>\n\n\n<div style=\"height:50px\" aria-hidden=\"true\" class=\"wp-block-spacer\" data-block-type=\"core\"><\/div>\n\n\n\n\n\n<div style=\"height:50px\" aria-hidden=\"true\" class=\"wp-block-spacer\" data-block-type=\"core\"><\/div>\n<\/div>\n<\/div><\/div><\/div>\n<\/div><\/div>\n\n\n\n<div class=\"wp-block-stackable-columns stk-block-columns stk--hide-desktop stk--hide-tablet stk--hide-mobile stk-block stk-824e685\" data-block-id=\"824e685\"><style>.stk-824e685 {padding-right:16px !important;padding-left:16px !important;}<\/style><div class=\"stk-row stk-inner-blocks stk-block-content stk-content-align stk-824e685-column\">\n<div class=\"wp-block-stackable-column stk-block-column stk-column stk-block stk-2b280c3\" data-v=\"4\" data-block-id=\"2b280c3\"><style>.stk-2b280c3-container{max-width:1440px !important;min-width:auto !important;margin-right:auto !important;margin-left:auto !important;}<\/style><div class=\"stk-column-wrapper stk-block-column__content stk-container stk-2b280c3-container stk--no-background stk--no-padding\"><div class=\"stk-block-content stk-inner-blocks stk-2b280c3-inner-blocks\">\n<div class=\"wp-block-stackable-heading stk-block-heading stk-block-heading--v2 stk-block stk-3ecbf8c\" id=\"clanica-hbd-a-iva-tolic-dobitnica-je-vrlo-prestizne-nagrade-ebsa-e-za-mlade-znanstvenike\" data-block-id=\"3ecbf8c\"><style>.stk-3ecbf8c {margin-bottom:66px !important;}.stk-3ecbf8c .stk-block-heading__text{font-size:26px !important;color:var(--stk-global-color-53819, #315536) !important;}@media screen and (max-width: 1023px){.stk-3ecbf8c .stk-block-heading__text{font-size:26px !important;}}<\/style><h3 class=\"stk-block-heading__text has-text-color has-text-align-center\">HBD member Iva Toli\u0107 is the winner of the highly prestigious EBSA award for young scientists.<\/h3><\/div>\n\n\n\n<div class=\"wp-block-stackable-image stk-block-image stk-block stk-363263d\" id=\"clanica-hbd-iva-tolic-dobitnica-je-vrlo-prestizne-nagrade-ebsa-e-za-mlade-znanstvenike\" data-block-id=\"363263d\"><style>.stk-363263d {margin-bottom:50px !important;}.stk-363263d .stk-img-wrapper{aspect-ratio:16\/9 !important;height:auto !important;}.stk-363263d .stk-img-wrapper img{object-position:49% 26% !important;}@media screen and (max-width: 1023px){.stk-363263d .stk-img-wrapper{height:auto !important;}}@media screen and (max-width: 767px){.stk-363263d .stk-img-wrapper{height:auto !important;}}<\/style><figure><span class=\"stk-img-wrapper stk-image--shape-stretch\"><img loading=\"lazy\" decoding=\"async\" class=\"stk-img wp-image-4337\" src=\"https:\/\/biofizika.hr\/wp-content\/uploads\/2025\/07\/Ivi-Tolic-priznanje-EBSA.webp\" width=\"1920\" height=\"1440\" srcset=\"https:\/\/biofizika.hr\/wp-content\/uploads\/2025\/07\/Ivi-Tolic-priznanje-EBSA.webp 1920w, https:\/\/biofizika.hr\/wp-content\/uploads\/2025\/07\/Ivi-Tolic-priznanje-EBSA-600x450.webp 600w, https:\/\/biofizika.hr\/wp-content\/uploads\/2025\/07\/Ivi-Tolic-priznanje-EBSA-1024x768.webp 1024w, https:\/\/biofizika.hr\/wp-content\/uploads\/2025\/07\/Ivi-Tolic-priznanje-EBSA-768x576.webp 768w, https:\/\/biofizika.hr\/wp-content\/uploads\/2025\/07\/Ivi-Tolic-priznanje-EBSA-1536x1152.webp 1536w\" sizes=\"auto, (max-width: 1920px) 100vw, 1920px\" \/><\/span><\/figure><\/div>\n\n\n\n<div class=\"wp-block-stackable-text stk-block-text stk-block stk-zve4n64\" id=\"clanica-hbd-iva-tolic-dobitnica-je-vrlo-prestizne-nagrade-ebsa-e-za-mlade-znanstvenike\" data-block-id=\"zve4n64\"><p class=\"stk-block-text__text has-text-align-left\"><a href=\"http:\/\/ebsa.org\/portal\/\">European Biophysical Societies&#039; Association (EBSA)<\/a>&nbsp;awarded dr.&nbsp;<a href=\"https:\/\/www.irb.hr\/Novosti\/Ivi-Tolic-priznanje-EBSA\">Iva Tolic<\/a>&nbsp;special recognition for outstanding scientific activity at the 10th European Biophysical Congress held from July 18 to 22, 2015 in the German city of Dresden.<\/p><\/div>\n\n\n\n<div class=\"wp-block-stackable-text stk-block-text stk-block stk-rmllgvd\" id=\"clanica-hbd-iva-tolic-dobitnica-je-vrlo-prestizne-nagrade-ebsa-e-za-mlade-znanstvenike\" data-block-id=\"rmllgvd\"><p class=\"stk-block-text__text has-text-align-left\">The EBSA Young Investigators' Medal and Prize is awarded every two years by the Executive Board of the association for scientific excellence, leadership and creativity. Dr. Iva Toli\u0107 was nominated for this prestigious award by the Croatian Biophysical Society.<\/p><\/div>\n\n\n\n<div class=\"wp-block-stackable-text stk-block-text stk-block stk-du51j36\" id=\"clanica-hbd-iva-tolic-dobitnica-je-vrlo-prestizne-nagrade-ebsa-e-za-mlade-znanstvenike\" data-block-id=\"du51j36\"><p class=\"stk-block-text__text has-text-align-left\">The EBSA award is additional confirmation of the excellence of this successful scientist who recently returned to the Ru\u0111er Bo\u0161kovi\u0107 Institute, where, as a reminder, thanks to a European Research Council (ERC) project worth over 2 million euros, she will establish her own laboratory so that she and her team can gain new key insights into cell division research.<\/p><\/div>\n\n\n\n<div class=\"wp-block-stackable-text stk-block-text stk-block stk-mkkyg70\" id=\"clanica-hbd-iva-tolic-dobitnica-je-vrlo-prestizne-nagrade-ebsa-e-za-mlade-znanstvenike\" data-block-id=\"mkkyg70\"><p class=\"stk-block-text__text has-text-align-left\">The European Biophysical Societies Association (EBSA) was founded in 1984 as a non-profit organization whose goal is to \u201cadvance and disseminate knowledge about the principles, contemporary discoveries and applications of biophysics, and to encourage the exchange of scientific information among biophysicists at the European and international level.<\/p><\/div>\n\n\n\n<div class=\"wp-block-stackable-spacer stk-block-spacer stk--no-padding stk-block stk-de9f514\" id=\"clanica-hbd-iva-tolic-dobitnica-je-vrlo-prestizne-nagrade-ebsa-e-za-mlade-znanstvenike\" data-block-id=\"de9f514\"><style>.stk-de9f514 {height:83px !important;}<\/style><\/div>\n<\/div><\/div><\/div>\n<\/div><\/div>","protected":false},"excerpt":{"rendered":"<p>Awards HBD member Iva Toli\u0107 is the winner of the highly prestigious EBSA award for young scientists. The European Biophysical Society Association (European Biophysical\u2026<\/p>","protected":false},"author":69,"featured_media":0,"parent":0,"menu_order":0,"comment_status":"closed","ping_status":"closed","template":"","meta":{"iawp_total_views":28,"footnotes":""},"class_list":["post-4298","page","type-page","status-publish","hentry"],"yoast_head":"<!-- This site is optimized with the Yoast SEO plugin v27.3 - https:\/\/yoast.com\/product\/yoast-seo-wordpress\/ -->\n<title>Nagrade - Biofizika<\/title>\n<meta name=\"robots\" content=\"index, follow, max-snippet:-1, max-image-preview:large, max-video-preview:-1\" \/>\n<link rel=\"canonical\" href=\"https:\/\/biofizika.hr\/en\/nagrade\/\" \/>\n<meta property=\"og:locale\" content=\"en_GB\" \/>\n<meta property=\"og:type\" content=\"article\" \/>\n<meta property=\"og:title\" content=\"Nagrade - Biofizika\" \/>\n<meta property=\"og:description\" content=\"Nagrade \u010clanica HBD-a, Iva Toli\u0107 dobitnica je vrlo presti\u017ene nagrade EBSA-e za mlade znanstvenike. Europsko udru\u017eenje biofizi\u010dkih dru\u0161tava (European Biophysical...\" \/>\n<meta property=\"og:url\" content=\"https:\/\/biofizika.hr\/en\/nagrade\/\" \/>\n<meta property=\"og:site_name\" content=\"Biofizika\" \/>\n<meta property=\"article:modified_time\" content=\"2025-11-26T18:43:57+00:00\" \/>\n<meta property=\"og:image\" content=\"https:\/\/biofizika.hr\/wp-content\/uploads\/2025\/07\/Ivi-Tolic-priznanje-EBSA.webp\" \/>\n<meta name=\"twitter:card\" content=\"summary_large_image\" \/>\n<meta name=\"twitter:label1\" content=\"Estimated reading time\" \/>\n\t<meta name=\"twitter:data1\" content=\"2 minutes\" \/>\n<script type=\"application\/ld+json\" class=\"yoast-schema-graph\">{\"@context\":\"https:\\\/\\\/schema.org\",\"@graph\":[{\"@type\":\"WebPage\",\"@id\":\"https:\\\/\\\/biofizika.hr\\\/nagrade\\\/\",\"url\":\"https:\\\/\\\/biofizika.hr\\\/nagrade\\\/\",\"name\":\"Nagrade - Biofizika\",\"isPartOf\":{\"@id\":\"https:\\\/\\\/biofizika.hr\\\/en\\\/#website\"},\"primaryImageOfPage\":{\"@id\":\"https:\\\/\\\/biofizika.hr\\\/nagrade\\\/#primaryimage\"},\"image\":{\"@id\":\"https:\\\/\\\/biofizika.hr\\\/nagrade\\\/#primaryimage\"},\"thumbnailUrl\":\"https:\\\/\\\/biofizika.hr\\\/wp-content\\\/uploads\\\/2025\\\/07\\\/Ivi-Tolic-priznanje-EBSA.webp\",\"datePublished\":\"2025-06-30T11:23:32+00:00\",\"dateModified\":\"2025-11-26T18:43:57+00:00\",\"breadcrumb\":{\"@id\":\"https:\\\/\\\/biofizika.hr\\\/nagrade\\\/#breadcrumb\"},\"inLanguage\":\"en-GB\",\"potentialAction\":[{\"@type\":\"ReadAction\",\"target\":[\"https:\\\/\\\/biofizika.hr\\\/nagrade\\\/\"]}]},{\"@type\":\"ImageObject\",\"inLanguage\":\"en-GB\",\"@id\":\"https:\\\/\\\/biofizika.hr\\\/nagrade\\\/#primaryimage\",\"url\":\"https:\\\/\\\/biofizika.hr\\\/wp-content\\\/uploads\\\/2025\\\/07\\\/Ivi-Tolic-priznanje-EBSA.webp\",\"contentUrl\":\"https:\\\/\\\/biofizika.hr\\\/wp-content\\\/uploads\\\/2025\\\/07\\\/Ivi-Tolic-priznanje-EBSA.webp\"},{\"@type\":\"BreadcrumbList\",\"@id\":\"https:\\\/\\\/biofizika.hr\\\/nagrade\\\/#breadcrumb\",\"itemListElement\":[{\"@type\":\"ListItem\",\"position\":1,\"name\":\"Home\",\"item\":\"https:\\\/\\\/biofizika.hr\\\/en\\\/\"},{\"@type\":\"ListItem\",\"position\":2,\"name\":\"Nagrade\"}]},{\"@type\":\"WebSite\",\"@id\":\"https:\\\/\\\/biofizika.hr\\\/en\\\/#website\",\"url\":\"https:\\\/\\\/biofizika.hr\\\/en\\\/\",\"name\":\"Biofizika\",\"description\":\"Hrvatsko biofizi\u010dko dru\u0161tvo\",\"publisher\":{\"@id\":\"https:\\\/\\\/biofizika.hr\\\/en\\\/#organization\"},\"potentialAction\":[{\"@type\":\"SearchAction\",\"target\":{\"@type\":\"EntryPoint\",\"urlTemplate\":\"https:\\\/\\\/biofizika.hr\\\/en\\\/?s={search_term_string}\"},\"query-input\":{\"@type\":\"PropertyValueSpecification\",\"valueRequired\":true,\"valueName\":\"search_term_string\"}}],\"inLanguage\":\"en-GB\"},{\"@type\":\"Organization\",\"@id\":\"https:\\\/\\\/biofizika.hr\\\/en\\\/#organization\",\"name\":\"Biofizika\",\"url\":\"https:\\\/\\\/biofizika.hr\\\/en\\\/\",\"logo\":{\"@type\":\"ImageObject\",\"inLanguage\":\"en-GB\",\"@id\":\"https:\\\/\\\/biofizika.hr\\\/en\\\/#\\\/schema\\\/logo\\\/image\\\/\",\"url\":\"https:\\\/\\\/biofizika.hr\\\/wp-content\\\/uploads\\\/2025\\\/06\\\/hbd-logo-green-hr.svg\",\"contentUrl\":\"https:\\\/\\\/biofizika.hr\\\/wp-content\\\/uploads\\\/2025\\\/06\\\/hbd-logo-green-hr.svg\",\"width\":1,\"height\":1,\"caption\":\"Biofizika\"},\"image\":{\"@id\":\"https:\\\/\\\/biofizika.hr\\\/en\\\/#\\\/schema\\\/logo\\\/image\\\/\"}}]}<\/script>\n<!-- \/ Yoast SEO plugin. -->","yoast_head_json":{"title":"Awards - Biophysics","robots":{"index":"index","follow":"follow","max-snippet":"max-snippet:-1","max-image-preview":"max-image-preview:large","max-video-preview":"max-video-preview:-1"},"canonical":"https:\/\/biofizika.hr\/en\/nagrade\/","og_locale":"en_GB","og_type":"article","og_title":"Nagrade - Biofizika","og_description":"Nagrade \u010clanica HBD-a, Iva Toli\u0107 dobitnica je vrlo presti\u017ene nagrade EBSA-e za mlade znanstvenike. Europsko udru\u017eenje biofizi\u010dkih dru\u0161tava (European Biophysical...","og_url":"https:\/\/biofizika.hr\/en\/nagrade\/","og_site_name":"Biofizika","article_modified_time":"2025-11-26T18:43:57+00:00","og_image":[{"url":"https:\/\/biofizika.hr\/wp-content\/uploads\/2025\/07\/Ivi-Tolic-priznanje-EBSA.webp","type":"","width":"","height":""}],"twitter_card":"summary_large_image","twitter_misc":{"Estimated reading time":"2 minutes"},"schema":{"@context":"https:\/\/schema.org","@graph":[{"@type":"WebPage","@id":"https:\/\/biofizika.hr\/nagrade\/","url":"https:\/\/biofizika.hr\/nagrade\/","name":"Awards - Biophysics","isPartOf":{"@id":"https:\/\/biofizika.hr\/en\/#website"},"primaryImageOfPage":{"@id":"https:\/\/biofizika.hr\/nagrade\/#primaryimage"},"image":{"@id":"https:\/\/biofizika.hr\/nagrade\/#primaryimage"},"thumbnailUrl":"https:\/\/biofizika.hr\/wp-content\/uploads\/2025\/07\/Ivi-Tolic-priznanje-EBSA.webp","datePublished":"2025-06-30T11:23:32+00:00","dateModified":"2025-11-26T18:43:57+00:00","breadcrumb":{"@id":"https:\/\/biofizika.hr\/nagrade\/#breadcrumb"},"inLanguage":"en-GB","potentialAction":[{"@type":"ReadAction","target":["https:\/\/biofizika.hr\/nagrade\/"]}]},{"@type":"ImageObject","inLanguage":"en-GB","@id":"https:\/\/biofizika.hr\/nagrade\/#primaryimage","url":"https:\/\/biofizika.hr\/wp-content\/uploads\/2025\/07\/Ivi-Tolic-priznanje-EBSA.webp","contentUrl":"https:\/\/biofizika.hr\/wp-content\/uploads\/2025\/07\/Ivi-Tolic-priznanje-EBSA.webp"},{"@type":"BreadcrumbList","@id":"https:\/\/biofizika.hr\/nagrade\/#breadcrumb","itemListElement":[{"@type":"ListItem","position":1,"name":"Home","item":"https:\/\/biofizika.hr\/en\/"},{"@type":"ListItem","position":2,"name":"Nagrade"}]},{"@type":"WebSite","@id":"https:\/\/biofizika.hr\/en\/#website","url":"https:\/\/biofizika.hr\/en\/","name":"Biophysics","description":"Croatian Biophysical Society","publisher":{"@id":"https:\/\/biofizika.hr\/en\/#organization"},"potentialAction":[{"@type":"SearchAction","target":{"@type":"EntryPoint","urlTemplate":"https:\/\/biofizika.hr\/en\/?s={search_term_string}"},"query-input":{"@type":"PropertyValueSpecification","valueRequired":true,"valueName":"search_term_string"}}],"inLanguage":"en-GB"},{"@type":"Organization","@id":"https:\/\/biofizika.hr\/en\/#organization","name":"Biophysics","url":"https:\/\/biofizika.hr\/en\/","logo":{"@type":"ImageObject","inLanguage":"en-GB","@id":"https:\/\/biofizika.hr\/en\/#\/schema\/logo\/image\/","url":"https:\/\/biofizika.hr\/wp-content\/uploads\/2025\/06\/hbd-logo-green-hr.svg","contentUrl":"https:\/\/biofizika.hr\/wp-content\/uploads\/2025\/06\/hbd-logo-green-hr.svg","width":1,"height":1,"caption":"Biofizika"},"image":{"@id":"https:\/\/biofizika.hr\/en\/#\/schema\/logo\/image\/"}}]}},"_links":{"self":[{"href":"https:\/\/biofizika.hr\/en\/wp-json\/wp\/v2\/pages\/4298","targetHints":{"allow":["GET"]}}],"collection":[{"href":"https:\/\/biofizika.hr\/en\/wp-json\/wp\/v2\/pages"}],"about":[{"href":"https:\/\/biofizika.hr\/en\/wp-json\/wp\/v2\/types\/page"}],"author":[{"embeddable":true,"href":"https:\/\/biofizika.hr\/en\/wp-json\/wp\/v2\/users\/69"}],"replies":[{"embeddable":true,"href":"https:\/\/biofizika.hr\/en\/wp-json\/wp\/v2\/comments?post=4298"}],"version-history":[{"count":1,"href":"https:\/\/biofizika.hr\/en\/wp-json\/wp\/v2\/pages\/4298\/revisions"}],"predecessor-version":[{"id":4350,"href":"https:\/\/biofizika.hr\/en\/wp-json\/wp\/v2\/pages\/4298\/revisions\/4350"}],"wp:attachment":[{"href":"https:\/\/biofizika.hr\/en\/wp-json\/wp\/v2\/media?parent=4298"}],"curies":[{"name":"wp","href":"https:\/\/api.w.org\/{rel}","templated":true}]}}