{"id":4284,"date":"2025-06-30T12:29:57","date_gmt":"2025-06-30T10:29:57","guid":{"rendered":"https:\/\/staging.biofizika.hr\/?page_id=4284"},"modified":"2026-03-25T20:35:21","modified_gmt":"2026-03-25T19:35:21","slug":"clanarina","status":"publish","type":"page","link":"https:\/\/biofizika.hr\/en\/clanarina\/","title":{"rendered":"Membership fee"},"content":{"rendered":"<div class=\"wp-block-stackable-spacer stk-block-spacer stk--no-padding stk-block stk-afa6d3a\" data-block-id=\"afa6d3a\"><\/div>\n\n\n\n<div class=\"wp-block-stackable-heading stk-block-heading stk-block-heading--v2 stk-block stk-ad578eb\" id=\"clanarina\" data-block-id=\"ad578eb\"><style>.stk-ad578eb {margin-top:30px !important;}.stk-ad578eb .stk-block-heading__text{color:var(--stk-global-color-53819, #315536) !important;text-transform:uppercase !important;}<\/style><h2 class=\"stk-block-heading__text has-text-color has-text-align-center\">Membership fee<\/h2><\/div>\n\n\n\n<div class=\"wp-block-stackable-divider stk-block-divider stk-block stk-f8cbaac is-style-bar\" id=\"redoviti-clan\" data-block-id=\"f8cbaac\"><style>.stk-f8cbaac hr.stk-block-divider__hr{background:var(--stk-global-color-53819, #315536) !important;border-radius:calc(3px \/ 2) !important;height:3px !important;}<\/style><hr class=\"stk-block-divider__hr\"\/><\/div>\n\n\n\n<div class=\"wp-block-stackable-columns stk-block-columns stk-block stk-6569ba9\" data-block-id=\"6569ba9\"><style>.stk-6569ba9-column{max-width:1240px !important;min-width:auto !important;margin-right:auto !important;margin-left:auto !important;}<\/style><div class=\"stk-row stk-inner-blocks stk-block-content stk-content-align stk-6569ba9-column\">\n<div class=\"wp-block-stackable-column stk-block-column stk-column stk-block stk-203b03c\" data-v=\"4\" data-block-id=\"203b03c\"><style>.stk-203b03c {border-top-left-radius:var(--stk--preset--border-radius--x-large, 24px) !important;border-top-right-radius:var(--stk--preset--border-radius--x-large, 24px) !important;border-bottom-right-radius:var(--stk--preset--border-radius--x-large, 24px) !important;border-bottom-left-radius:var(--stk--preset--border-radius--x-large, 24px) !important;overflow:hidden !important;padding-top:24px !important;padding-right:24px !important;padding-bottom:24px !important;padding-left:24px !important;}<\/style><div class=\"stk-column-wrapper stk-block-column__content stk-container stk-203b03c-container stk--no-background stk--no-padding\"><div class=\"stk-block-content stk-inner-blocks stk-203b03c-inner-blocks\">\n<div class=\"wp-block-stackable-heading stk-block-heading stk-block-heading--v2 stk-block stk-7a9752d\" id=\"godisnja-clanarina\" data-block-id=\"7a9752d\"><style>.stk-7a9752d {margin-top:30px !important;margin-bottom:47px !important;}.stk-7a9752d .stk-block-heading__text{font-size:32px !important;color:var(--stk-global-color-53819, #315536) !important;line-height:1em !important;}@media screen and (max-width: 1023px){.stk-7a9752d .stk-block-heading__text{font-size:32px !important;}}<\/style><h3 class=\"stk-block-heading__text has-text-color has-text-align-center\">Annual membership fee<\/h3><\/div>\n\n\n\n<div class=\"wp-block-stackable-text stk-block-text stk-block stk-a38c19c\" data-block-id=\"a38c19c\"><style>.stk-a38c19c .stk-block-text__text{font-size:18px !important;font-weight:300 !important;font-family:\"Inter\", Sans-serif !important;}@media screen and (max-width: 1023px){.stk-a38c19c .stk-block-text__text{font-size:18px !important;}}<\/style><p class=\"stk-block-text__text has-text-align-center\">All members will be regularly informed about all activities of the Society, and are invited to actively participate in the implementation of the Society&#039;s goals. <br>Members are also required to pay their membership fees regularly.<\/p><\/div>\n\n\n\n<div class=\"wp-block-stackable-text stk-block-text stk-block stk-1b3dcf8\" data-block-id=\"1b3dcf8\"><style>.stk-1b3dcf8 .stk-block-text__text{color:var(--stk-global-color-53819, #315536) !important;font-weight:700 !important;}<\/style><p class=\"stk-block-text__text has-text-color has-text-align-center\">The annual membership fee for 2026 is EUR 15.00.<\/p><\/div>\n\n\n\n<div class=\"wp-block-stackable-image stk-block-image stk-block stk-46b5a80\" data-block-id=\"46b5a80\"><style>.stk-46b5a80 .stk-img-wrapper{width:342px !important;}<\/style><figure><span class=\"stk-img-wrapper stk-image--shape-stretch\"><img loading=\"lazy\" decoding=\"async\" class=\"stk-img wp-image-5129\" src=\"https:\/\/biofizika.hr\/wp-content\/uploads\/2026\/03\/uplatnica-1774464426265.png\" width=\"342\" height=\"51\" srcset=\"https:\/\/biofizika.hr\/wp-content\/uploads\/2026\/03\/uplatnica-1774464426265.png 342w, https:\/\/biofizika.hr\/wp-content\/uploads\/2026\/03\/uplatnica-1774464426265-18x3.png 18w\" sizes=\"auto, (max-width: 342px) 100vw, 342px\" \/><\/span><\/figure><\/div>\n\n\n\n<div class=\"wp-block-stackable-text stk-block-text stk-block stk-6f8d2e7\" data-block-id=\"6f8d2e7\"><style>.stk-6f8d2e7 .stk-block-text__text{font-size:14px !important;font-weight:300 !important;font-family:\"Inter\", Sans-serif !important;}@media screen and (max-width: 1023px){.stk-6f8d2e7 .stk-block-text__text{font-size:14px !important;}}<\/style><p class=\"stk-block-text__text has-text-align-center\">To pay via Internet banking or general payment order:<br>Model: 00, reference number is date in DDMMYYYY format (eg 14022026)<br>Purpose: <em>membership fee for the year 2026, for First Name Last Name<\/em><br>Or scan the barcode and fill in the information in the app<\/p><\/div>\n\n\n\n<div class=\"wp-block-stackable-text stk-block-text stk-block stk-ebd8c5c grow\" data-block-id=\"ebd8c5c\"><style>.stk-ebd8c5c {border-top-left-radius:var(--stk--preset--border-radius--medium, 8px) !important;border-top-right-radius:var(--stk--preset--border-radius--medium, 8px) !important;border-bottom-right-radius:var(--stk--preset--border-radius--medium, 8px) !important;border-bottom-left-radius:var(--stk--preset--border-radius--medium, 8px) !important;overflow:hidden !important;border-style:solid !important;border-color:var(--stk-global-color-53819, #315536) !important;border-top-width:2px !important;border-right-width:2px !important;border-bottom-width:2px !important;border-left-width:2px !important;max-width:90% !important;min-width:auto !important;padding-top:var(--stk--preset--spacing--30, 0.67rem) !important;padding-right:var(--stk--preset--spacing--30, 0.67rem) !important;padding-bottom:var(--stk--preset--spacing--30, 0.67rem) !important;padding-left:var(--stk--preset--spacing--30, 0.67rem) !important;margin-right:auto !important;margin-left:auto !important;}<\/style><p class=\"stk-block-text__text has-text-align-center\"><a href=\"https:\/\/biofizika.hr\/wp-content\/uploads\/2025\/07\/HBD_barkod-za-2025.pdf\" target=\"_blank\" rel=\"noreferrer noopener\"><strong><span style=\"color: var(--stk-global-color-53819, #315536);\" class=\"stk-highlight\">CROATIAN BIOPHYSICAL SOCIETY barcode for payment of membership fee 2025<\/span><\/strong><\/a> <em>(pdf)<\/em><\/p><\/div>\n\n\n\n<div class=\"wp-block-stackable-text stk-block-text stk-block stk-4ed2422\" data-block-id=\"4ed2422\"><style>.stk-4ed2422 .stk-block-text__text{font-size:16px !important;}@media screen and (max-width: 1023px){.stk-4ed2422 .stk-block-text__text{font-size:16px !important;}}<\/style><p class=\"stk-block-text__text has-text-align-center\">The annual membership fee for a legal entity is EUR 132.72.<\/p><\/div>\n\n\n\n<div class=\"wp-block-stackable-text stk-block-text stk-block stk-dbf97e0\" data-block-id=\"dbf97e0\"><style>.stk-dbf97e0 .stk-block-text__text{font-size:16px !important;}@media screen and (max-width: 1023px){.stk-dbf97e0 .stk-block-text__text{font-size:16px !important;}}<\/style><p class=\"stk-block-text__text has-text-align-center\">The annual membership fee for 2024 is EUR 15.00.<\/p><\/div>\n\n\n\n<div class=\"wp-block-stackable-text stk-block-text stk-block stk-a426f05\" data-block-id=\"a426f05\"><style>.stk-a426f05 .stk-block-text__text{font-size:16px !important;}@media screen and (max-width: 1023px){.stk-a426f05 .stk-block-text__text{font-size:16px !important;}}<\/style><p class=\"stk-block-text__text has-text-align-center\">The annual membership fee for 2023 is EUR 10.00, and for 2022 and the previous year it was EUR 7.96.<\/p><\/div>\n\n\n\n<div class=\"wp-block-stackable-text stk-block-text stk-block stk-bb9d6ea\" data-block-id=\"bb9d6ea\"><style>.stk-bb9d6ea .stk-block-text__text{font-size:16px !important;}@media screen and (max-width: 1023px){.stk-bb9d6ea .stk-block-text__text{font-size:16px !important;}}<\/style><p class=\"stk-block-text__text has-text-align-center\">Membership fees must be paid to the Society&#039;s account. Instructions for paying membership fees can be found here:<\/p><\/div>\n\n\n\n<div class=\"wp-block-stackable-text stk-block-text stk-block stk-50dfed3 grow\" data-block-id=\"50dfed3\"><style>.stk-50dfed3 {border-top-left-radius:var(--stk--preset--border-radius--medium, 8px) !important;border-top-right-radius:var(--stk--preset--border-radius--medium, 8px) !important;border-bottom-right-radius:var(--stk--preset--border-radius--medium, 8px) !important;border-bottom-left-radius:var(--stk--preset--border-radius--medium, 8px) !important;overflow:hidden !important;border-style:solid !important;border-color:var(--stk-global-color-53819, #315536) !important;border-top-width:2px !important;border-right-width:2px !important;border-bottom-width:2px !important;border-left-width:2px !important;max-width:90% !important;min-width:auto !important;padding-top:var(--stk--preset--spacing--30, 0.67rem) !important;padding-right:var(--stk--preset--spacing--30, 0.67rem) !important;padding-bottom:var(--stk--preset--spacing--30, 0.67rem) !important;padding-left:var(--stk--preset--spacing--30, 0.67rem) !important;margin-right:auto !important;margin-left:auto !important;}<\/style><p class=\"stk-block-text__text has-text-align-center\"><a href=\"\/wp-content\/uploads\/2025\/07\/HRVATSKO-BIOFIZICKO-DRUSTVO_upute-za-placanje-clanarine_2022_2023_2024.pdf\" target=\"_blank\" rel=\"noreferrer noopener\"><strong><span style=\"color: var(--stk-global-color-53819, #315536);\" class=\"stk-highlight\">CROATIAN BIOPHYSICAL SOCIETY instructions for paying membership fees<\/span><\/strong><\/a> <em>(pdf)<\/em><\/p><\/div>\n\n\n\n<div class=\"wp-block-stackable-text stk-block-text stk-block stk-7e4ecb1\" data-block-id=\"7e4ecb1\"><p class=\"stk-block-text__text has-text-align-center\"><strong>Croatian Biophysical Society<br><\/strong>HR \u2013 10000 Zagreb, Bijeni\u010dka 54<br>OIB: 02283167603<br>IBAN: HR5023600001101545147<br><\/p><\/div>\n\n\n\n<div class=\"wp-block-stackable-spacer stk-block-spacer stk--no-padding stk-block stk-d96462a\" data-block-id=\"d96462a\"><style>.stk-d96462a {height:30px !important;}<\/style><\/div>\n<\/div><\/div><\/div>\n<\/div><\/div>\n\n\n\n<div class=\"wp-block-stackable-spacer stk-block-spacer stk--no-padding stk-block stk-0ea8119\" data-block-id=\"0ea8119\"><style>.stk-0ea8119 {height:70px !important;}<\/style><\/div>","protected":false},"excerpt":{"rendered":"<p>Membership fee Annual membership fee All members will be regularly informed about all activities of the Society, and are invited to actively participate in\u2026<\/p>","protected":false},"author":69,"featured_media":0,"parent":0,"menu_order":0,"comment_status":"closed","ping_status":"closed","template":"","meta":{"iawp_total_views":75,"footnotes":""},"class_list":["post-4284","page","type-page","status-publish","hentry"],"yoast_head":"<!-- This site is optimized with the Yoast SEO plugin v27.3 - https:\/\/yoast.com\/product\/yoast-seo-wordpress\/ -->\n<title>\u010clanarina - Biofizika<\/title>\n<meta name=\"robots\" content=\"index, follow, max-snippet:-1, max-image-preview:large, max-video-preview:-1\" \/>\n<link rel=\"canonical\" href=\"https:\/\/biofizika.hr\/en\/clanarina\/\" \/>\n<meta property=\"og:locale\" content=\"en_GB\" \/>\n<meta property=\"og:type\" content=\"article\" \/>\n<meta property=\"og:title\" content=\"\u010clanarina - Biofizika\" \/>\n<meta property=\"og:description\" content=\"\u010clanarina Godi\u0161nja \u010dlanarina Svi \u010dlanovi biti \u0107e redovito obavje\u0161tavani o svim aktivnostima Dru\u0161tva, te su pozvani da aktivno sudjeluju u...\" \/>\n<meta property=\"og:url\" content=\"https:\/\/biofizika.hr\/en\/clanarina\/\" \/>\n<meta property=\"og:site_name\" content=\"Biofizika\" \/>\n<meta property=\"article:modified_time\" content=\"2026-03-25T19:35:21+00:00\" \/>\n<meta property=\"og:image\" content=\"https:\/\/biofizika.hr\/wp-content\/uploads\/2026\/03\/uplatnica-1774464426265.png\" \/>\n\t<meta property=\"og:image:width\" content=\"342\" \/>\n\t<meta property=\"og:image:height\" content=\"51\" \/>\n\t<meta property=\"og:image:type\" content=\"image\/png\" \/>\n<meta name=\"twitter:card\" content=\"summary_large_image\" \/>\n<meta name=\"twitter:label1\" content=\"Estimated reading time\" \/>\n\t<meta name=\"twitter:data1\" content=\"2 minutes\" \/>\n<script type=\"application\/ld+json\" class=\"yoast-schema-graph\">{\"@context\":\"https:\\\/\\\/schema.org\",\"@graph\":[{\"@type\":\"WebPage\",\"@id\":\"https:\\\/\\\/biofizika.hr\\\/clanarina\\\/\",\"url\":\"https:\\\/\\\/biofizika.hr\\\/clanarina\\\/\",\"name\":\"\u010clanarina - Biofizika\",\"isPartOf\":{\"@id\":\"https:\\\/\\\/biofizika.hr\\\/en\\\/#website\"},\"primaryImageOfPage\":{\"@id\":\"https:\\\/\\\/biofizika.hr\\\/clanarina\\\/#primaryimage\"},\"image\":{\"@id\":\"https:\\\/\\\/biofizika.hr\\\/clanarina\\\/#primaryimage\"},\"thumbnailUrl\":\"https:\\\/\\\/biofizika.hr\\\/wp-content\\\/uploads\\\/2026\\\/03\\\/uplatnica-1774464426265.png\",\"datePublished\":\"2025-06-30T10:29:57+00:00\",\"dateModified\":\"2026-03-25T19:35:21+00:00\",\"breadcrumb\":{\"@id\":\"https:\\\/\\\/biofizika.hr\\\/clanarina\\\/#breadcrumb\"},\"inLanguage\":\"en-GB\",\"potentialAction\":[{\"@type\":\"ReadAction\",\"target\":[\"https:\\\/\\\/biofizika.hr\\\/clanarina\\\/\"]}]},{\"@type\":\"ImageObject\",\"inLanguage\":\"en-GB\",\"@id\":\"https:\\\/\\\/biofizika.hr\\\/clanarina\\\/#primaryimage\",\"url\":\"https:\\\/\\\/biofizika.hr\\\/wp-content\\\/uploads\\\/2026\\\/03\\\/uplatnica-1774464426265.png\",\"contentUrl\":\"https:\\\/\\\/biofizika.hr\\\/wp-content\\\/uploads\\\/2026\\\/03\\\/uplatnica-1774464426265.png\"},{\"@type\":\"BreadcrumbList\",\"@id\":\"https:\\\/\\\/biofizika.hr\\\/clanarina\\\/#breadcrumb\",\"itemListElement\":[{\"@type\":\"ListItem\",\"position\":1,\"name\":\"Home\",\"item\":\"https:\\\/\\\/biofizika.hr\\\/en\\\/\"},{\"@type\":\"ListItem\",\"position\":2,\"name\":\"\u010clanarina\"}]},{\"@type\":\"WebSite\",\"@id\":\"https:\\\/\\\/biofizika.hr\\\/en\\\/#website\",\"url\":\"https:\\\/\\\/biofizika.hr\\\/en\\\/\",\"name\":\"Biofizika\",\"description\":\"Hrvatsko biofizi\u010dko dru\u0161tvo\",\"publisher\":{\"@id\":\"https:\\\/\\\/biofizika.hr\\\/en\\\/#organization\"},\"potentialAction\":[{\"@type\":\"SearchAction\",\"target\":{\"@type\":\"EntryPoint\",\"urlTemplate\":\"https:\\\/\\\/biofizika.hr\\\/en\\\/?s={search_term_string}\"},\"query-input\":{\"@type\":\"PropertyValueSpecification\",\"valueRequired\":true,\"valueName\":\"search_term_string\"}}],\"inLanguage\":\"en-GB\"},{\"@type\":\"Organization\",\"@id\":\"https:\\\/\\\/biofizika.hr\\\/en\\\/#organization\",\"name\":\"Biofizika\",\"url\":\"https:\\\/\\\/biofizika.hr\\\/en\\\/\",\"logo\":{\"@type\":\"ImageObject\",\"inLanguage\":\"en-GB\",\"@id\":\"https:\\\/\\\/biofizika.hr\\\/en\\\/#\\\/schema\\\/logo\\\/image\\\/\",\"url\":\"https:\\\/\\\/biofizika.hr\\\/wp-content\\\/uploads\\\/2025\\\/06\\\/hbd-logo-green-hr.svg\",\"contentUrl\":\"https:\\\/\\\/biofizika.hr\\\/wp-content\\\/uploads\\\/2025\\\/06\\\/hbd-logo-green-hr.svg\",\"width\":1,\"height\":1,\"caption\":\"Biofizika\"},\"image\":{\"@id\":\"https:\\\/\\\/biofizika.hr\\\/en\\\/#\\\/schema\\\/logo\\\/image\\\/\"}}]}<\/script>\n<!-- \/ Yoast SEO plugin. -->","yoast_head_json":{"title":"Membership fee - Biophysics","robots":{"index":"index","follow":"follow","max-snippet":"max-snippet:-1","max-image-preview":"max-image-preview:large","max-video-preview":"max-video-preview:-1"},"canonical":"https:\/\/biofizika.hr\/en\/clanarina\/","og_locale":"en_GB","og_type":"article","og_title":"\u010clanarina - Biofizika","og_description":"\u010clanarina Godi\u0161nja \u010dlanarina Svi \u010dlanovi biti \u0107e redovito obavje\u0161tavani o svim aktivnostima Dru\u0161tva, te su pozvani da aktivno sudjeluju u...","og_url":"https:\/\/biofizika.hr\/en\/clanarina\/","og_site_name":"Biofizika","article_modified_time":"2026-03-25T19:35:21+00:00","og_image":[{"width":342,"height":51,"url":"https:\/\/biofizika.hr\/wp-content\/uploads\/2026\/03\/uplatnica-1774464426265.png","type":"image\/png"}],"twitter_card":"summary_large_image","twitter_misc":{"Estimated reading time":"2 minutes"},"schema":{"@context":"https:\/\/schema.org","@graph":[{"@type":"WebPage","@id":"https:\/\/biofizika.hr\/clanarina\/","url":"https:\/\/biofizika.hr\/clanarina\/","name":"Membership fee - Biophysics","isPartOf":{"@id":"https:\/\/biofizika.hr\/en\/#website"},"primaryImageOfPage":{"@id":"https:\/\/biofizika.hr\/clanarina\/#primaryimage"},"image":{"@id":"https:\/\/biofizika.hr\/clanarina\/#primaryimage"},"thumbnailUrl":"https:\/\/biofizika.hr\/wp-content\/uploads\/2026\/03\/uplatnica-1774464426265.png","datePublished":"2025-06-30T10:29:57+00:00","dateModified":"2026-03-25T19:35:21+00:00","breadcrumb":{"@id":"https:\/\/biofizika.hr\/clanarina\/#breadcrumb"},"inLanguage":"en-GB","potentialAction":[{"@type":"ReadAction","target":["https:\/\/biofizika.hr\/clanarina\/"]}]},{"@type":"ImageObject","inLanguage":"en-GB","@id":"https:\/\/biofizika.hr\/clanarina\/#primaryimage","url":"https:\/\/biofizika.hr\/wp-content\/uploads\/2026\/03\/uplatnica-1774464426265.png","contentUrl":"https:\/\/biofizika.hr\/wp-content\/uploads\/2026\/03\/uplatnica-1774464426265.png"},{"@type":"BreadcrumbList","@id":"https:\/\/biofizika.hr\/clanarina\/#breadcrumb","itemListElement":[{"@type":"ListItem","position":1,"name":"Home","item":"https:\/\/biofizika.hr\/en\/"},{"@type":"ListItem","position":2,"name":"\u010clanarina"}]},{"@type":"WebSite","@id":"https:\/\/biofizika.hr\/en\/#website","url":"https:\/\/biofizika.hr\/en\/","name":"Biophysics","description":"Croatian Biophysical Society","publisher":{"@id":"https:\/\/biofizika.hr\/en\/#organization"},"potentialAction":[{"@type":"SearchAction","target":{"@type":"EntryPoint","urlTemplate":"https:\/\/biofizika.hr\/en\/?s={search_term_string}"},"query-input":{"@type":"PropertyValueSpecification","valueRequired":true,"valueName":"search_term_string"}}],"inLanguage":"en-GB"},{"@type":"Organization","@id":"https:\/\/biofizika.hr\/en\/#organization","name":"Biophysics","url":"https:\/\/biofizika.hr\/en\/","logo":{"@type":"ImageObject","inLanguage":"en-GB","@id":"https:\/\/biofizika.hr\/en\/#\/schema\/logo\/image\/","url":"https:\/\/biofizika.hr\/wp-content\/uploads\/2025\/06\/hbd-logo-green-hr.svg","contentUrl":"https:\/\/biofizika.hr\/wp-content\/uploads\/2025\/06\/hbd-logo-green-hr.svg","width":1,"height":1,"caption":"Biofizika"},"image":{"@id":"https:\/\/biofizika.hr\/en\/#\/schema\/logo\/image\/"}}]}},"_links":{"self":[{"href":"https:\/\/biofizika.hr\/en\/wp-json\/wp\/v2\/pages\/4284","targetHints":{"allow":["GET"]}}],"collection":[{"href":"https:\/\/biofizika.hr\/en\/wp-json\/wp\/v2\/pages"}],"about":[{"href":"https:\/\/biofizika.hr\/en\/wp-json\/wp\/v2\/types\/page"}],"author":[{"embeddable":true,"href":"https:\/\/biofizika.hr\/en\/wp-json\/wp\/v2\/users\/69"}],"replies":[{"embeddable":true,"href":"https:\/\/biofizika.hr\/en\/wp-json\/wp\/v2\/comments?post=4284"}],"version-history":[{"count":4,"href":"https:\/\/biofizika.hr\/en\/wp-json\/wp\/v2\/pages\/4284\/revisions"}],"predecessor-version":[{"id":5134,"href":"https:\/\/biofizika.hr\/en\/wp-json\/wp\/v2\/pages\/4284\/revisions\/5134"}],"wp:attachment":[{"href":"https:\/\/biofizika.hr\/en\/wp-json\/wp\/v2\/media?parent=4284"}],"curies":[{"name":"wp","href":"https:\/\/api.w.org\/{rel}","templated":true}]}}