{"id":4260,"date":"2025-06-29T22:09:58","date_gmt":"2025-06-29T20:09:58","guid":{"rendered":"https:\/\/staging.biofizika.hr\/?page_id=4260"},"modified":"2025-08-27T16:32:58","modified_gmt":"2025-08-27T14:32:58","slug":"kontakt","status":"publish","type":"page","link":"https:\/\/biofizika.hr\/en\/kontakt\/","title":{"rendered":"Contact"},"content":{"rendered":"<div class=\"wp-block-stackable-heading stk-block-heading stk-block-heading--v2 stk-block stk-ad578eb\" id=\"kontakt\" data-block-id=\"ad578eb\"><style>.stk-ad578eb {margin-top:30px !important;}.stk-ad578eb .stk-block-heading__text{color:var(--stk-global-color-53819, #315536) !important;text-transform:uppercase !important;}<\/style><h2 class=\"stk-block-heading__text has-text-color has-text-align-center\">Contact<\/h2><\/div>\n\n\n\n<div class=\"wp-block-stackable-spacer stk-block-spacer stk--no-padding stk-block stk-7d9b5ad\" data-block-id=\"7d9b5ad\"><\/div>\n\n\n\n<div class=\"wp-block-stackable-columns stk-block-columns stk-block stk-cb1f94c\" data-block-id=\"cb1f94c\"><style>.stk-cb1f94c-column{max-width:1660px !important;min-width:auto !important;margin-right:auto !important;margin-left:auto !important;}<\/style><div class=\"stk-row stk-inner-blocks stk-block-content stk-content-align stk-cb1f94c-column\">\n<div class=\"wp-block-stackable-column stk-block-column stk-column stk-block stk-ed30fb0\" data-v=\"4\" data-block-id=\"ed30fb0\"><style>.stk-ed30fb0-container{max-width:1220px !important;min-width:auto !important;margin-right:auto !important;margin-left:auto !important;}<\/style><div class=\"stk-column-wrapper stk-block-column__content stk-container stk-ed30fb0-container stk--no-background stk--no-padding\"><div class=\"stk-block-content stk-inner-blocks stk-ed30fb0-inner-blocks\">\n<div class=\"wp-block-stackable-heading stk-block-heading stk-block-heading--v2 stk-block stk-6fbba52\" id=\"hrvatsko-biofizicko-drustvo\" data-block-id=\"6fbba52\"><style>.stk-6fbba52 .stk-block-heading__text{font-size:32px !important;color:var(--stk-global-color-53819, #315536) !important;}@media screen and (max-width: 1023px){.stk-6fbba52 .stk-block-heading__text{font-size:32px !important;}}<\/style><h2 class=\"stk-block-heading__text has-text-color has-text-align-center\">Croatian Biophysical Society&nbsp;<\/h2><\/div>\n\n\n\n<div class=\"wp-block-stackable-icon stk-block-icon has-text-align-center stk-block stk-38a2e64\" data-block-id=\"38a2e64\"><style>.stk-38a2e64 {margin-bottom:14px !important;}.stk-38a2e64 .stk--svg-wrapper .stk--inner-svg svg:last-child, .stk-38a2e64 .stk--svg-wrapper .stk--inner-svg svg:last-child :is(g, path, rect, polygon, ellipse){fill:var(--stk-global-color-53819, #315536) !important;}<\/style><span class=\"stk--svg-wrapper\"><div class=\"stk--inner-svg\"><svg style=\"height:0;width:0\"><defs><lineargradient id=\"linear-gradient-38a2e64\" x1=\"0\" x2=\"100%\" y1=\"0\" y2=\"0\"><stop offset=\"0%\" style=\"stop-opacity:1;stop-color:var(--linear-gradient-38-a-2-e-64-color-1)\"><\/stop><stop offset=\"100%\" style=\"stop-opacity:1;stop-color:var(--linear-gradient-38-a-2-e-64-color-2)\"><\/stop><\/lineargradient><\/defs><\/svg><svg xmlns=\"http:\/\/www.w3.org\/2000\/svg\" viewbox=\"0 0 576 512\" aria-hidden=\"true\" width=\"32\" height=\"32\"><path d=\"M408 120c0 54.6-73.1 151.9-105.2 192c-7.7 9.6-22 9.6-29.6 0C241.1 271.9 168 174.6 168 120C168 53.7 221.7 0 288 0s120 53.7 120 120zm8 80.4c3.5-6.9 6.7-13.8 9.6-20.6c.5-1.2 1-2.5 1.5-3.7l116-46.4C558.9 123.4 576 135 576 152V422.8c0 9.8-6 18.6-15.1 22.3L416 503V200.4zM137.6 138.3c2.4 14.1 7.2 28.3 12.8 41.5c2.9 6.8 6.1 13.7 9.6 20.6V451.8L32.9 502.7C17.1 509 0 497.4 0 480.4V209.6c0-9.8 6-18.6 15.1-22.3l122.6-49zM327.8 332c13.9-17.4 35.7-45.7 56.2-77V504.3L192 449.4V255c20.5 31.3 42.3 59.6 56.2 77c20.5 25.6 59.1 25.6 79.6 0zM288 152a40 40 0 1 0 0-80 40 40 0 1 0 0 80z\"><\/path><\/svg><\/div><\/span><\/div>\n\n\n\n<div class=\"wp-block-stackable-text stk-block-text stk-block stk-3c6c390\" data-block-id=\"3c6c390\"><style>.stk-3c6c390 {margin-bottom:12px !important;}<\/style><p class=\"stk-block-text__text has-text-align-center\">Bijeni\u010dka 54, 10000 Zagreb&nbsp;<\/p><\/div>\n\n\n\n<div class=\"wp-block-stackable-icon stk-block-icon has-text-align-center stk-block stk-db3c4e1\" data-block-id=\"db3c4e1\"><style>.stk-db3c4e1 {margin-bottom:14px !important;}.stk-db3c4e1 .stk--svg-wrapper .stk--inner-svg svg:last-child, .stk-db3c4e1 .stk--svg-wrapper .stk--inner-svg svg:last-child :is(g, path, rect, polygon, ellipse){fill:var(--stk-global-color-53819, #315536) !important;}<\/style><span class=\"stk--svg-wrapper\"><div class=\"stk--inner-svg\"><svg style=\"height:0;width:0\"><defs><lineargradient id=\"linear-gradient-db3c4e1\" x1=\"0\" x2=\"100%\" y1=\"0\" y2=\"0\"><stop offset=\"0%\" style=\"stop-opacity:1;stop-color:var(--linear-gradient-db-3-c-4-e-1-color-1)\"><\/stop><stop offset=\"100%\" style=\"stop-opacity:1;stop-color:var(--linear-gradient-db-3-c-4-e-1-color-2)\"><\/stop><\/lineargradient><\/defs><\/svg><svg xmlns=\"http:\/\/www.w3.org\/2000\/svg\" viewbox=\"0 0 512 512\" aria-hidden=\"true\" width=\"32\" height=\"32\"><path d=\"M498.1 5.6c10.1 7 15.4 19.1 13.5 31.2l-64 416c-1.5 9.7-7.4 18.2-16 23s-18.9 5.4-28 1.6L284 427.7l-68.5 74.1c-8.9 9.7-22.9 12.9-35.2 8.1S160 493.2 160 480V396.4c0-4 1.5-7.8 4.2-10.7L331.8 202.8c5.8-6.3 5.6-16-.4-22s-15.7-6.4-22-.7L106 360.8 17.7 316.6C7.1 311.3 .3 300.7 0 288.9s5.9-22.8 16.1-28.7l448-256c10.7-6.1 23.9-5.5 34 1.4z\"><\/path><\/svg><\/div><\/span><\/div>\n\n\n\n<div class=\"wp-block-stackable-text stk-block-text stk-block stk-97125b9\" data-block-id=\"97125b9\"><p class=\"stk-block-text__text has-text-align-center\"><a href=\"mailto:biofizika@biofizika.hr\">biofizika@biofizika.hr<\/a>&nbsp;<\/p><\/div>\n\n\n\n<div class=\"wp-block-stackable-icon stk-block-icon has-text-align-center stk-block stk-279f3c4\" data-block-id=\"279f3c4\"><style>.stk-279f3c4 {margin-bottom:14px !important;}.stk-279f3c4 .stk--svg-wrapper .stk--inner-svg svg:last-child, .stk-279f3c4 .stk--svg-wrapper .stk--inner-svg svg:last-child :is(g, path, rect, polygon, ellipse){fill:var(--stk-global-color-53819, #315536) !important;}<\/style><span class=\"stk--svg-wrapper\"><div class=\"stk--inner-svg\"><svg style=\"height:0;width:0\"><defs><lineargradient id=\"linear-gradient-279f3c4\" x1=\"0\" x2=\"100%\" y1=\"0\" y2=\"0\"><stop offset=\"0%\" style=\"stop-opacity:1;stop-color:var(--linear-gradient-279-f-3-c-4-color-1)\"><\/stop><stop offset=\"100%\" style=\"stop-opacity:1;stop-color:var(--linear-gradient-279-f-3-c-4-color-2)\"><\/stop><\/lineargradient><\/defs><\/svg><svg xmlns=\"http:\/\/www.w3.org\/2000\/svg\" viewbox=\"0 0 384 512\" aria-hidden=\"true\" width=\"32\" height=\"32\"><path d=\"M16 64C16 28.7 44.7 0 80 0H304c35.3 0 64 28.7 64 64V448c0 35.3-28.7 64-64 64H80c-35.3 0-64-28.7-64-64V64zM144 448c0 8.8 7.2 16 16 16h64c8.8 0 16-7.2 16-16s-7.2-16-16-16H160c-8.8 0-16 7.2-16 16zM304 64H80V384H304V64z\"><\/path><\/svg><\/div><\/span><\/div>\n\n\n\n<div class=\"wp-block-stackable-text stk-block-text stk-block stk-201eb87\" data-block-id=\"201eb87\"><style>.stk-201eb87 {margin-bottom:41px !important;}<\/style><p class=\"stk-block-text__text has-text-align-center\">tel: +385 1 456 1128&nbsp;&nbsp;&nbsp;<\/p><\/div>\n\n\n\n<div class=\"wp-block-stackable-text stk-block-text stk-block stk-6557355\" data-block-id=\"6557355\"><style>.stk-6557355 {margin-bottom:8px !important;}<\/style><p class=\"stk-block-text__text has-text-align-center\">VAT: HR02283167603\u00a0<\/p><\/div>\n\n\n\n<div class=\"wp-block-stackable-text stk-block-text stk-block stk-583a7fd\" data-block-id=\"583a7fd\"><style>.stk-583a7fd {margin-bottom:9px !important;}<\/style><p class=\"stk-block-text__text has-text-align-center\">IBAN: HR5023600001101545147<br>SWIFT CODE(BIC): ZABA-HR2X<\/p><\/div>\n<\/div><\/div><\/div>\n\n\n\n<div class=\"wp-block-stackable-column stk-block-column stk-column stk-block stk-9965abc\" data-v=\"4\" data-block-id=\"9965abc\"><style>.stk-9965abc-container{max-width:1220px !important;min-width:auto !important;margin-right:auto !important;margin-left:auto !important;}<\/style><div class=\"stk-column-wrapper stk-block-column__content stk-container stk-9965abc-container stk--no-background stk--no-padding\"><div class=\"stk-block-content stk-inner-blocks stk-9965abc-inner-blocks\">\n<div class=\"wp-block-contact-form-7-contact-form-selector\">\n<div class=\"wpcf7 no-js\" id=\"wpcf7-f3795-o1\" lang=\"hr\" dir=\"ltr\" data-wpcf7-id=\"3795\">\n<div class=\"screen-reader-response\"><p role=\"status\" aria-live=\"polite\" aria-atomic=\"true\"><\/p> <ul><\/ul><\/div>\n<form action=\"\/en\/wp-json\/wp\/v2\/pages\/4260#wpcf7-f3795-o1\" method=\"post\" class=\"wpcf7-form init\" aria-label=\"Contact form\" novalidate=\"novalidate\" data-status=\"init\" data-trp-original-action=\"\/en\/wp-json\/wp\/v2\/pages\/4260#wpcf7-f3795-o1\">\n<fieldset class=\"hidden-fields-container\"><input type=\"hidden\" name=\"_wpcf7\" value=\"3795\" \/><input type=\"hidden\" name=\"_wpcf7_version\" value=\"6.1.5\" \/><input type=\"hidden\" name=\"_wpcf7_locale\" value=\"hr\" \/><input type=\"hidden\" name=\"_wpcf7_unit_tag\" value=\"wpcf7-f3795-o1\" \/><input type=\"hidden\" name=\"_wpcf7_container_post\" value=\"0\" \/><input type=\"hidden\" name=\"_wpcf7_posted_data_hash\" value=\"\" \/>\n<\/fieldset>\n<p><label> Your name<br \/>\n<span class=\"wpcf7-form-control-wrap\" data-name=\"your-name\"><input size=\"40\" maxlength=\"400\" class=\"wpcf7-form-control wpcf7-text wpcf7-validates-as-required\" autocomplete=\"name\" aria-required=\"true\" aria-invalid=\"false\" value=\"\" type=\"text\" name=\"your-name\" \/><\/span> <\/label>\n<\/p>\n<div class=\"cf-col-1-1 cf-cols\">\n\t<p><label> Your email<br \/>\n<span class=\"wpcf7-form-control-wrap\" data-name=\"your-email\"><input size=\"40\" maxlength=\"400\" class=\"wpcf7-form-control wpcf7-email wpcf7-validates-as-required wpcf7-text wpcf7-validates-as-email\" autocomplete=\"email\" aria-required=\"true\" aria-invalid=\"false\" value=\"\" type=\"email\" name=\"your-email\" \/><\/span> <\/label>\n\t<\/p>\n\t<p><label> Phone<br \/>\n<span class=\"wpcf7-form-control-wrap\" data-name=\"telefon\"><input size=\"40\" maxlength=\"400\" class=\"wpcf7-form-control wpcf7-text wpcf7-validates-as-required\" aria-required=\"true\" aria-invalid=\"false\" value=\"\" type=\"text\" name=\"telefon\" \/><\/span> <\/label>\n\t<\/p>\n<\/div>\n<p><label> Your message<br \/>\n<span class=\"wpcf7-form-control-wrap\" data-name=\"your-message\"><textarea cols=\"40\" rows=\"10\" maxlength=\"2000\" class=\"wpcf7-form-control wpcf7-textarea wpcf7-validates-as-required\" aria-required=\"true\" aria-invalid=\"false\" name=\"your-message\"><\/textarea><\/span> <\/label>\n<\/p>\n<p><input class=\"wpcf7-form-control wpcf7-submit has-spinner\" type=\"submit\" value=\"Send\" \/>\n<\/p><div class=\"wpcf7-response-output\" aria-hidden=\"true\"><\/div>\n<input type=\"hidden\" name=\"trp-form-language\" value=\"en\"\/><\/form>\n<\/div>\n<\/div>\n<\/div><\/div><\/div>\n<\/div><\/div>","protected":false},"excerpt":{"rendered":"<p>Contact Croatian Biophysical Society Bijeni\u010dka 54, 10000 Zagreb biofizika@biofizika.hr tel: +385 1 456 1128 OIB\/VAT: 02283167603 IBAN: HR5023600001101545147SWIFT CODE(BIC): ZABA-HR2X<\/p>","protected":false},"author":69,"featured_media":0,"parent":0,"menu_order":0,"comment_status":"closed","ping_status":"closed","template":"","meta":{"iawp_total_views":53,"footnotes":""},"class_list":["post-4260","page","type-page","status-publish","hentry"],"yoast_head":"<!-- This site is optimized with the Yoast SEO plugin v27.3 - https:\/\/yoast.com\/product\/yoast-seo-wordpress\/ -->\n<title>Kontakt - Biofizika<\/title>\n<meta name=\"robots\" content=\"index, follow, max-snippet:-1, max-image-preview:large, max-video-preview:-1\" \/>\n<link rel=\"canonical\" href=\"https:\/\/biofizika.hr\/en\/kontakt\/\" \/>\n<meta property=\"og:locale\" content=\"en_GB\" \/>\n<meta property=\"og:type\" content=\"article\" \/>\n<meta property=\"og:title\" content=\"Kontakt - Biofizika\" \/>\n<meta property=\"og:description\" content=\"Kontakt Hrvatsko biofizi\u010dko dru\u0161tvo&nbsp; Bijeni\u010dka 54, 10000 Zagreb&nbsp; biofizika@biofizika.hr&nbsp; tel: +385 1 456 1128&nbsp;&nbsp;&nbsp; OIB\/VAT: 02283167603\u00a0 IBAN: HR5023600001101545147SWIFT CODE(BIC): ZABA-HR2X\" \/>\n<meta property=\"og:url\" content=\"https:\/\/biofizika.hr\/en\/kontakt\/\" \/>\n<meta property=\"og:site_name\" content=\"Biofizika\" \/>\n<meta property=\"article:modified_time\" content=\"2025-08-27T14:32:58+00:00\" \/>\n<meta name=\"twitter:card\" content=\"summary_large_image\" \/>\n<meta name=\"twitter:label1\" content=\"Estimated reading time\" \/>\n\t<meta name=\"twitter:data1\" content=\"1 minute\" \/>\n<script type=\"application\/ld+json\" class=\"yoast-schema-graph\">{\"@context\":\"https:\\\/\\\/schema.org\",\"@graph\":[{\"@type\":\"WebPage\",\"@id\":\"https:\\\/\\\/biofizika.hr\\\/kontakt\\\/\",\"url\":\"https:\\\/\\\/biofizika.hr\\\/kontakt\\\/\",\"name\":\"Kontakt - Biofizika\",\"isPartOf\":{\"@id\":\"https:\\\/\\\/biofizika.hr\\\/en\\\/#website\"},\"datePublished\":\"2025-06-29T20:09:58+00:00\",\"dateModified\":\"2025-08-27T14:32:58+00:00\",\"breadcrumb\":{\"@id\":\"https:\\\/\\\/biofizika.hr\\\/kontakt\\\/#breadcrumb\"},\"inLanguage\":\"en-GB\",\"potentialAction\":[{\"@type\":\"ReadAction\",\"target\":[\"https:\\\/\\\/biofizika.hr\\\/kontakt\\\/\"]}]},{\"@type\":\"BreadcrumbList\",\"@id\":\"https:\\\/\\\/biofizika.hr\\\/kontakt\\\/#breadcrumb\",\"itemListElement\":[{\"@type\":\"ListItem\",\"position\":1,\"name\":\"Home\",\"item\":\"https:\\\/\\\/biofizika.hr\\\/en\\\/\"},{\"@type\":\"ListItem\",\"position\":2,\"name\":\"Kontakt\"}]},{\"@type\":\"WebSite\",\"@id\":\"https:\\\/\\\/biofizika.hr\\\/en\\\/#website\",\"url\":\"https:\\\/\\\/biofizika.hr\\\/en\\\/\",\"name\":\"Biofizika\",\"description\":\"Hrvatsko biofizi\u010dko dru\u0161tvo\",\"publisher\":{\"@id\":\"https:\\\/\\\/biofizika.hr\\\/en\\\/#organization\"},\"potentialAction\":[{\"@type\":\"SearchAction\",\"target\":{\"@type\":\"EntryPoint\",\"urlTemplate\":\"https:\\\/\\\/biofizika.hr\\\/en\\\/?s={search_term_string}\"},\"query-input\":{\"@type\":\"PropertyValueSpecification\",\"valueRequired\":true,\"valueName\":\"search_term_string\"}}],\"inLanguage\":\"en-GB\"},{\"@type\":\"Organization\",\"@id\":\"https:\\\/\\\/biofizika.hr\\\/en\\\/#organization\",\"name\":\"Biofizika\",\"url\":\"https:\\\/\\\/biofizika.hr\\\/en\\\/\",\"logo\":{\"@type\":\"ImageObject\",\"inLanguage\":\"en-GB\",\"@id\":\"https:\\\/\\\/biofizika.hr\\\/en\\\/#\\\/schema\\\/logo\\\/image\\\/\",\"url\":\"https:\\\/\\\/biofizika.hr\\\/wp-content\\\/uploads\\\/2025\\\/06\\\/hbd-logo-green-hr.svg\",\"contentUrl\":\"https:\\\/\\\/biofizika.hr\\\/wp-content\\\/uploads\\\/2025\\\/06\\\/hbd-logo-green-hr.svg\",\"width\":1,\"height\":1,\"caption\":\"Biofizika\"},\"image\":{\"@id\":\"https:\\\/\\\/biofizika.hr\\\/en\\\/#\\\/schema\\\/logo\\\/image\\\/\"}}]}<\/script>\n<!-- \/ Yoast SEO plugin. -->","yoast_head_json":{"title":"Contact - Biophysics","robots":{"index":"index","follow":"follow","max-snippet":"max-snippet:-1","max-image-preview":"max-image-preview:large","max-video-preview":"max-video-preview:-1"},"canonical":"https:\/\/biofizika.hr\/en\/kontakt\/","og_locale":"en_GB","og_type":"article","og_title":"Kontakt - Biofizika","og_description":"Kontakt Hrvatsko biofizi\u010dko dru\u0161tvo&nbsp; Bijeni\u010dka 54, 10000 Zagreb&nbsp; biofizika@biofizika.hr&nbsp; tel: +385 1 456 1128&nbsp;&nbsp;&nbsp; OIB\/VAT: 02283167603\u00a0 IBAN: HR5023600001101545147SWIFT CODE(BIC): ZABA-HR2X","og_url":"https:\/\/biofizika.hr\/en\/kontakt\/","og_site_name":"Biofizika","article_modified_time":"2025-08-27T14:32:58+00:00","twitter_card":"summary_large_image","twitter_misc":{"Estimated reading time":"1 minute"},"schema":{"@context":"https:\/\/schema.org","@graph":[{"@type":"WebPage","@id":"https:\/\/biofizika.hr\/kontakt\/","url":"https:\/\/biofizika.hr\/kontakt\/","name":"Contact - Biophysics","isPartOf":{"@id":"https:\/\/biofizika.hr\/en\/#website"},"datePublished":"2025-06-29T20:09:58+00:00","dateModified":"2025-08-27T14:32:58+00:00","breadcrumb":{"@id":"https:\/\/biofizika.hr\/kontakt\/#breadcrumb"},"inLanguage":"en-GB","potentialAction":[{"@type":"ReadAction","target":["https:\/\/biofizika.hr\/kontakt\/"]}]},{"@type":"BreadcrumbList","@id":"https:\/\/biofizika.hr\/kontakt\/#breadcrumb","itemListElement":[{"@type":"ListItem","position":1,"name":"Home","item":"https:\/\/biofizika.hr\/en\/"},{"@type":"ListItem","position":2,"name":"Kontakt"}]},{"@type":"WebSite","@id":"https:\/\/biofizika.hr\/en\/#website","url":"https:\/\/biofizika.hr\/en\/","name":"Biophysics","description":"Croatian Biophysical Society","publisher":{"@id":"https:\/\/biofizika.hr\/en\/#organization"},"potentialAction":[{"@type":"SearchAction","target":{"@type":"EntryPoint","urlTemplate":"https:\/\/biofizika.hr\/en\/?s={search_term_string}"},"query-input":{"@type":"PropertyValueSpecification","valueRequired":true,"valueName":"search_term_string"}}],"inLanguage":"en-GB"},{"@type":"Organization","@id":"https:\/\/biofizika.hr\/en\/#organization","name":"Biophysics","url":"https:\/\/biofizika.hr\/en\/","logo":{"@type":"ImageObject","inLanguage":"en-GB","@id":"https:\/\/biofizika.hr\/en\/#\/schema\/logo\/image\/","url":"https:\/\/biofizika.hr\/wp-content\/uploads\/2025\/06\/hbd-logo-green-hr.svg","contentUrl":"https:\/\/biofizika.hr\/wp-content\/uploads\/2025\/06\/hbd-logo-green-hr.svg","width":1,"height":1,"caption":"Biofizika"},"image":{"@id":"https:\/\/biofizika.hr\/en\/#\/schema\/logo\/image\/"}}]}},"_links":{"self":[{"href":"https:\/\/biofizika.hr\/en\/wp-json\/wp\/v2\/pages\/4260","targetHints":{"allow":["GET"]}}],"collection":[{"href":"https:\/\/biofizika.hr\/en\/wp-json\/wp\/v2\/pages"}],"about":[{"href":"https:\/\/biofizika.hr\/en\/wp-json\/wp\/v2\/types\/page"}],"author":[{"embeddable":true,"href":"https:\/\/biofizika.hr\/en\/wp-json\/wp\/v2\/users\/69"}],"replies":[{"embeddable":true,"href":"https:\/\/biofizika.hr\/en\/wp-json\/wp\/v2\/comments?post=4260"}],"version-history":[{"count":0,"href":"https:\/\/biofizika.hr\/en\/wp-json\/wp\/v2\/pages\/4260\/revisions"}],"wp:attachment":[{"href":"https:\/\/biofizika.hr\/en\/wp-json\/wp\/v2\/media?parent=4260"}],"curies":[{"name":"wp","href":"https:\/\/api.w.org\/{rel}","templated":true}]}}