{"id":367,"date":"2013-02-20T18:24:53","date_gmt":"2013-02-20T18:24:53","guid":{"rendered":"https:\/\/staging.biofizika.hr\/?page_id=367"},"modified":"2025-07-15T22:30:42","modified_gmt":"2025-07-15T20:30:42","slug":"clanstvo","status":"publish","type":"page","link":"https:\/\/biofizika.hr\/en\/clanstvo\/","title":{"rendered":"Membership"},"content":{"rendered":"<div class=\"wp-block-stackable-spacer stk-block-spacer stk--no-padding stk-block stk-afa6d3a\" data-block-id=\"afa6d3a\"><\/div>\n\n\n\n<div class=\"wp-block-stackable-heading stk-block-heading stk-block-heading--v2 stk-block stk-ad578eb\" id=\"clanstvo\" data-block-id=\"ad578eb\"><style>.stk-ad578eb {margin-top:30px !important;margin-bottom:50px !important;}.stk-ad578eb .stk-block-heading__text{color:var(--stk-global-color-53819, #315536) !important;text-transform:uppercase !important;}<\/style><h2 class=\"stk-block-heading__text has-text-color has-text-align-center\">Membership<\/h2><\/div>\n\n\n\n<div class=\"wp-block-stackable-divider stk-block-divider stk-block stk-6e260b6 is-style-bar\" data-block-id=\"6e260b6\"><style>.stk-6e260b6 hr.stk-block-divider__hr{background:var(--stk-global-color-53819, #315536) !important;border-radius:calc(3px \/ 2) !important;height:3px !important;}<\/style><hr class=\"stk-block-divider__hr\"\/><\/div>\n\n\n\n<div class=\"wp-block-stackable-heading stk-block-heading stk-block-heading--v2 stk-block stk-814b9ac\" id=\"redoviti-clanovi\" data-block-id=\"814b9ac\"><style>.stk-814b9ac {margin-top:30px !important;margin-bottom:0px !important;}.stk-814b9ac .stk-block-heading__text{font-size:32px !important;color:var(--stk-global-color-53819, #315536) !important;}@media screen and (max-width: 1023px){.stk-814b9ac .stk-block-heading__text{font-size:32px !important;}}<\/style><h3 class=\"stk-block-heading__text has-text-color has-text-align-center\">Regular members<\/h3><\/div>\n\n\n\n<div class=\"wp-block-stackable-columns stk-block-columns stk-block stk-cae000e\" data-block-id=\"cae000e\"><style>.stk-cae000e-column{max-width:1240px !important;min-width:auto !important;margin-right:auto !important;margin-left:auto !important;}<\/style><div class=\"stk-row stk-inner-blocks stk-block-content stk-content-align stk-cae000e-column\">\n<div class=\"wp-block-stackable-column stk-block-column stk-column stk-block stk-c1da46e\" data-v=\"4\" data-block-id=\"c1da46e\"><div class=\"stk-column-wrapper stk-block-column__content stk-container stk-c1da46e-container stk--no-background stk--no-padding\"><div class=\"stk-block-content stk-inner-blocks stk-c1da46e-inner-blocks\">\n<div class=\"wp-block-stackable-heading stk-block-heading stk-block-heading--v2 stk-block stk-90e2277\" id=\"fizicka-osoba\" data-block-id=\"90e2277\"><style>.stk-90e2277 {margin-top:30px !important;margin-bottom:16px !important;}.stk-90e2277 .stk-block-heading__text{font-size:var(--stk--preset--font-size--medium, 20px) !important;color:var(--stk-global-color-53819, #315536) !important;line-height:1em !important;}@media screen and (max-width: 1023px){.stk-90e2277 .stk-block-heading__text{font-size:var(--stk--preset--font-size--medium, 20px) !important;}}<\/style><h4 class=\"stk-block-heading__text has-text-color has-text-align-center\">Individual person<\/h4><\/div>\n\n\n\n<div class=\"wp-block-stackable-text stk-block-text stk-block stk-cc361be\" data-block-id=\"cc361be\"><style>.stk-cc361be .stk-block-text__text{font-size:18px !important;font-weight:300 !important;font-family:\"Inter\", Sans-serif !important;}@media screen and (max-width: 1023px){.stk-cc361be .stk-block-text__text{font-size:18px !important;}}<\/style><p class=\"stk-block-text__text has-text-align-center\">An individual who engages in biophysics or has achieved success in scientific research within the broader field of biophysics<\/p><\/div>\n<\/div><\/div><\/div>\n\n\n\n<div class=\"wp-block-stackable-column stk-block-column stk-column stk-block stk-93f3d08\" data-v=\"4\" data-block-id=\"93f3d08\"><div class=\"stk-column-wrapper stk-block-column__content stk-container stk-93f3d08-container stk--no-background stk--no-padding\"><div class=\"stk-block-content stk-inner-blocks stk-93f3d08-inner-blocks\">\n<div class=\"wp-block-stackable-heading stk-block-heading stk-block-heading--v2 stk-block stk-72e10d3\" id=\"pravna-osoba\" data-block-id=\"72e10d3\"><style>.stk-72e10d3 {margin-top:30px !important;margin-bottom:16px !important;}.stk-72e10d3 .stk-block-heading__text{font-size:var(--stk--preset--font-size--medium, 20px) !important;color:var(--stk-global-color-53819, #315536) !important;line-height:1em !important;}@media screen and (max-width: 1023px){.stk-72e10d3 .stk-block-heading__text{font-size:var(--stk--preset--font-size--medium, 20px) !important;}}<\/style><h4 class=\"stk-block-heading__text has-text-color has-text-align-center\">Legal entity<\/h4><\/div>\n\n\n\n<div class=\"wp-block-stackable-text stk-block-text stk-block stk-f20c070\" data-block-id=\"f20c070\"><style>.stk-f20c070 .stk-block-text__text{font-size:18px !important;font-weight:300 !important;font-family:\"Inter\", Sans-serif !important;}@media screen and (max-width: 1023px){.stk-f20c070 .stk-block-text__text{font-size:18px !important;}}<\/style><p class=\"stk-block-text__text has-text-align-center\">A legal entity with headquarters in the Republic of Croatia and abroad, if it supports and assists the activities of the Society<\/p><\/div>\n<\/div><a class=\"stk-link stk-block-link stk--transparent-overlay\" href=\"\/en\/potpore\/\" aria-hidden=\"true\" tabindex=\"-1\"><\/a><\/div><\/div>\n<\/div><\/div>\n\n\n\n<div class=\"wp-block-stackable-divider stk-block-divider stk-block stk-d6796ab is-style-bar\" data-block-id=\"d6796ab\"><style>.stk-d6796ab hr.stk-block-divider__hr{background:var(--stk-global-color-53819, #315536) !important;border-radius:calc(3px \/ 2) !important;height:3px !important;}.stk-d6796ab {margin-top:36px !important;margin-bottom:64px !important;}<\/style><hr class=\"stk-block-divider__hr\"\/><\/div>\n\n\n\n<div class=\"wp-block-stackable-heading stk-block-heading stk-block-heading--v2 stk-block stk-3b9125e\" id=\"pocasni-clanovi\" data-block-id=\"3b9125e\"><style>.stk-3b9125e {margin-top:30px !important;margin-bottom:21px !important;}.stk-3b9125e .stk-block-heading__text{font-size:32px !important;color:var(--stk-global-color-53819, #315536) !important;}@media screen and (max-width: 1023px){.stk-3b9125e .stk-block-heading__text{font-size:32px !important;}}<\/style><h3 class=\"stk-block-heading__text has-text-color has-text-align-center\">Honorary members<\/h3><\/div>\n\n\n\n<div class=\"wp-block-stackable-columns stk-block-columns stk-block stk-6a037c7\" data-block-id=\"6a037c7\"><style>.stk-6a037c7-column{max-width:1240px !important;min-width:auto !important;margin-right:auto !important;margin-left:auto !important;}<\/style><div class=\"stk-row stk-inner-blocks stk-block-content stk-content-align stk-6a037c7-column\">\n<div class=\"wp-block-stackable-column stk-block-column stk-column stk-block stk-f4caa75\" data-v=\"4\" data-block-id=\"f4caa75\"><div class=\"stk-column-wrapper stk-block-column__content stk-container stk-f4caa75-container stk--no-background stk--no-padding\"><div class=\"stk-block-content stk-inner-blocks stk-f4caa75-inner-blocks\">\n<div class=\"wp-block-stackable-text stk-block-text stk-block stk-1405cf6\" data-block-id=\"1405cf6\"><style>.stk-1405cf6 .stk-block-text__text{font-size:18px !important;font-weight:300 !important;font-family:\"Inter\", Sans-serif !important;}@media screen and (max-width: 1023px){.stk-1405cf6 .stk-block-text__text{font-size:18px !important;}}<\/style><p class=\"stk-block-text__text has-text-align-center\"><strong>Honorary member<\/strong>\u00a0can become an individual person and legal entity who has significantly contributed to the development and reputation of the Croatian Biophysics society.<\/p><\/div>\n<\/div><\/div><\/div>\n<\/div><\/div>\n\n\n\n<div class=\"wp-block-stackable-divider stk-block-divider stk-block stk-d8b1706 is-style-bar\" data-block-id=\"d8b1706\"><style>.stk-d8b1706 hr.stk-block-divider__hr{background:var(--stk-global-color-53819, #315536) !important;border-radius:calc(3px \/ 2) !important;height:3px !important;}.stk-d8b1706 {margin-top:36px !important;margin-bottom:61px !important;}<\/style><hr class=\"stk-block-divider__hr\"\/><\/div>\n\n\n\n<div class=\"wp-block-stackable-heading stk-block-heading stk-block-heading--v2 stk-block stk-6f05ebf\" id=\"studenti\" data-block-id=\"6f05ebf\"><style>.stk-6f05ebf {margin-top:30px !important;margin-bottom:21px !important;}.stk-6f05ebf .stk-block-heading__text{font-size:32px !important;color:var(--stk-global-color-53819, #315536) !important;}@media screen and (max-width: 1023px){.stk-6f05ebf .stk-block-heading__text{font-size:32px !important;}}<\/style><h3 class=\"stk-block-heading__text has-text-color has-text-align-center\">Students<\/h3><\/div>\n\n\n\n<div class=\"wp-block-stackable-columns stk-block-columns stk-block stk-56c441d\" id=\"pocasni-clanovi\" data-block-id=\"56c441d\"><style>.stk-56c441d {margin-bottom:28px !important;}.stk-56c441d-column{max-width:1240px !important;min-width:auto !important;margin-right:auto !important;margin-left:auto !important;}<\/style><div class=\"stk-row stk-inner-blocks stk-block-content stk-content-align stk-56c441d-column\">\n<div class=\"wp-block-stackable-column stk-block-column stk-column stk-block stk-1076ebf\" data-v=\"4\" data-block-id=\"1076ebf\"><div class=\"stk-column-wrapper stk-block-column__content stk-container stk-1076ebf-container stk--no-background stk--no-padding\"><div class=\"stk-block-content stk-inner-blocks stk-1076ebf-inner-blocks\">\n<div class=\"wp-block-stackable-text stk-block-text stk-block stk-59ea284\" data-block-id=\"59ea284\"><style>.stk-59ea284 .stk-block-text__text{font-size:18px !important;font-weight:300 !important;font-family:\"Inter\", Sans-serif !important;}@media screen and (max-width: 1023px){.stk-59ea284 .stk-block-text__text{font-size:18px !important;}}<\/style><p class=\"stk-block-text__text has-text-align-center\"><strong><span><\/span><\/strong>\u00a0Students who have completed at least one course in the broader field of biophysics can become members. <br>Younger members do not pay membership fees, unless they have received support from the Society in a particular year.<\/p><\/div>\n<\/div><\/div><\/div>\n<\/div><\/div>\n\n\n\n<div class=\"wp-block-stackable-divider stk-block-divider stk-block stk-f46508c is-style-bar\" data-block-id=\"f46508c\"><style>.stk-f46508c hr.stk-block-divider__hr{background:var(--stk-global-color-53819, #315536) !important;border-radius:calc(3px \/ 2) !important;height:3px !important;}.stk-f46508c {margin-top:36px !important;margin-bottom:57px !important;}<\/style><hr class=\"stk-block-divider__hr\"\/><\/div>\n\n\n\n<div class=\"wp-block-stackable-button-group stk-block-button-group stk-block stk-d62b5bd\" data-block-id=\"d62b5bd\"><style>.stk-d62b5bd {margin-bottom:30px !important;}<\/style><div class=\"stk-row stk-inner-blocks has-text-align-center stk-block-content stk-button-group\">\n<div class=\"wp-block-stackable-button stk-block-button has-text-align-center stk-block stk-ebeb133\" data-block-id=\"ebeb133\"><style>.stk-ebeb133 .stk-button{padding-top:var(--stk--preset--spacing--20, 0.44rem) !important;padding-right:var(--stk--preset--spacing--60, 2.25rem) !important;padding-bottom:var(--stk--preset--spacing--20, 0.44rem) !important;padding-left:var(--stk--preset--spacing--60, 2.25rem) !important;background:var(--stk-global-color-53819, #315536) !important;border-top-left-radius:var(--stk--preset--border-radius--medium, 8px) !important;border-top-right-radius:var(--stk--preset--border-radius--medium, 8px) !important;border-bottom-right-radius:var(--stk--preset--border-radius--medium, 8px) !important;border-bottom-left-radius:var(--stk--preset--border-radius--medium, 8px) !important;}.stk-ebeb133 .stk-button__inner-text{font-size:0.9em !important;color:#ffffff !important;font-weight:700 !important;text-transform:uppercase !important;font-family:\"Poppins\", Sans-serif !important;}@media screen and (max-width: 1023px){.stk-ebeb133 .stk-button__inner-text{font-size:0.9em !important;}}<\/style><a class=\"stk-link stk-button stk--hover-effect-darken\" href=\"https:\/\/biofizika.hr\/en\/clanarina\/\"><span class=\"has-text-color stk-button__inner-text\">membership fee information<\/span><\/a><\/div>\n<\/div><\/div>\n\n\n\n<div class=\"wp-block-stackable-spacer stk-block-spacer stk--no-padding stk-block stk-2f90eb5\" data-block-id=\"2f90eb5\"><style>.stk-2f90eb5 {height:69px !important;}<\/style><\/div>","protected":false},"excerpt":{"rendered":"<p>Membership Regular members Natural person Natural person who is engaged in biophysics or has achieved success in scientific research work in a broader\u2026<\/p>","protected":false},"author":1,"featured_media":0,"parent":0,"menu_order":0,"comment_status":"closed","ping_status":"closed","template":"","meta":{"iawp_total_views":103,"footnotes":""},"class_list":["post-367","page","type-page","status-publish","hentry"],"yoast_head":"<!-- This site is optimized with the Yoast SEO plugin v27.5 - https:\/\/yoast.com\/product\/yoast-seo-wordpress\/ -->\n<title>\u010clanstvo - Biofizika<\/title>\n<meta name=\"robots\" content=\"index, follow, max-snippet:-1, max-image-preview:large, max-video-preview:-1\" \/>\n<link rel=\"canonical\" href=\"https:\/\/biofizika.hr\/en\/clanstvo\/\" \/>\n<meta property=\"og:locale\" content=\"en_GB\" \/>\n<meta property=\"og:type\" content=\"article\" \/>\n<meta property=\"og:title\" content=\"\u010clanstvo - Biofizika\" \/>\n<meta property=\"og:description\" content=\"\u010clanstvo Redoviti \u010dlanovi Fizi\u010dka osoba Fizi\u010dka osoba koja se bavi biofizikom ili je ostvarila uspjeh u znanstvenoistra\u017eiva\u010dkom radu iz \u0161ireg...\" \/>\n<meta property=\"og:url\" content=\"https:\/\/biofizika.hr\/en\/clanstvo\/\" \/>\n<meta property=\"og:site_name\" content=\"Biofizika\" \/>\n<meta property=\"article:modified_time\" content=\"2025-07-15T20:30:42+00:00\" \/>\n<meta name=\"twitter:card\" content=\"summary_large_image\" \/>\n<meta name=\"twitter:label1\" content=\"Estimated reading time\" \/>\n\t<meta name=\"twitter:data1\" content=\"1 minute\" \/>\n<script type=\"application\/ld+json\" class=\"yoast-schema-graph\">{\"@context\":\"https:\\\/\\\/schema.org\",\"@graph\":[{\"@type\":\"WebPage\",\"@id\":\"https:\\\/\\\/biofizika.hr\\\/en\\\/clanstvo\\\/\",\"url\":\"https:\\\/\\\/biofizika.hr\\\/en\\\/clanstvo\\\/\",\"name\":\"\u010clanstvo - Biofizika\",\"isPartOf\":{\"@id\":\"https:\\\/\\\/biofizika.hr\\\/en\\\/#website\"},\"datePublished\":\"2013-02-20T18:24:53+00:00\",\"dateModified\":\"2025-07-15T20:30:42+00:00\",\"breadcrumb\":{\"@id\":\"https:\\\/\\\/biofizika.hr\\\/en\\\/clanstvo\\\/#breadcrumb\"},\"inLanguage\":\"en-GB\",\"potentialAction\":[{\"@type\":\"ReadAction\",\"target\":[\"https:\\\/\\\/biofizika.hr\\\/en\\\/clanstvo\\\/\"]}]},{\"@type\":\"BreadcrumbList\",\"@id\":\"https:\\\/\\\/biofizika.hr\\\/en\\\/clanstvo\\\/#breadcrumb\",\"itemListElement\":[{\"@type\":\"ListItem\",\"position\":1,\"name\":\"Home\",\"item\":\"https:\\\/\\\/biofizika.hr\\\/en\\\/\"},{\"@type\":\"ListItem\",\"position\":2,\"name\":\"\u010clanstvo\"}]},{\"@type\":\"WebSite\",\"@id\":\"https:\\\/\\\/biofizika.hr\\\/en\\\/#website\",\"url\":\"https:\\\/\\\/biofizika.hr\\\/en\\\/\",\"name\":\"Biofizika\",\"description\":\"Hrvatsko biofizi\u010dko dru\u0161tvo\",\"publisher\":{\"@id\":\"https:\\\/\\\/biofizika.hr\\\/en\\\/#organization\"},\"potentialAction\":[{\"@type\":\"SearchAction\",\"target\":{\"@type\":\"EntryPoint\",\"urlTemplate\":\"https:\\\/\\\/biofizika.hr\\\/en\\\/?s={search_term_string}\"},\"query-input\":{\"@type\":\"PropertyValueSpecification\",\"valueRequired\":true,\"valueName\":\"search_term_string\"}}],\"inLanguage\":\"en-GB\"},{\"@type\":\"Organization\",\"@id\":\"https:\\\/\\\/biofizika.hr\\\/en\\\/#organization\",\"name\":\"Biofizika\",\"url\":\"https:\\\/\\\/biofizika.hr\\\/en\\\/\",\"logo\":{\"@type\":\"ImageObject\",\"inLanguage\":\"en-GB\",\"@id\":\"https:\\\/\\\/biofizika.hr\\\/en\\\/#\\\/schema\\\/logo\\\/image\\\/\",\"url\":\"https:\\\/\\\/biofizika.hr\\\/wp-content\\\/uploads\\\/2025\\\/06\\\/hbd-logo-green-hr.svg\",\"contentUrl\":\"https:\\\/\\\/biofizika.hr\\\/wp-content\\\/uploads\\\/2025\\\/06\\\/hbd-logo-green-hr.svg\",\"width\":1,\"height\":1,\"caption\":\"Biofizika\"},\"image\":{\"@id\":\"https:\\\/\\\/biofizika.hr\\\/en\\\/#\\\/schema\\\/logo\\\/image\\\/\"}}]}<\/script>\n<!-- \/ Yoast SEO plugin. -->","yoast_head_json":{"title":"Membership - Biophysics","robots":{"index":"index","follow":"follow","max-snippet":"max-snippet:-1","max-image-preview":"max-image-preview:large","max-video-preview":"max-video-preview:-1"},"canonical":"https:\/\/biofizika.hr\/en\/clanstvo\/","og_locale":"en_GB","og_type":"article","og_title":"\u010clanstvo - Biofizika","og_description":"\u010clanstvo Redoviti \u010dlanovi Fizi\u010dka osoba Fizi\u010dka osoba koja se bavi biofizikom ili je ostvarila uspjeh u znanstvenoistra\u017eiva\u010dkom radu iz \u0161ireg...","og_url":"https:\/\/biofizika.hr\/en\/clanstvo\/","og_site_name":"Biofizika","article_modified_time":"2025-07-15T20:30:42+00:00","twitter_card":"summary_large_image","twitter_misc":{"Estimated reading time":"1 minute"},"schema":{"@context":"https:\/\/schema.org","@graph":[{"@type":"WebPage","@id":"https:\/\/biofizika.hr\/en\/clanstvo\/","url":"https:\/\/biofizika.hr\/en\/clanstvo\/","name":"Membership - Biophysics","isPartOf":{"@id":"https:\/\/biofizika.hr\/en\/#website"},"datePublished":"2013-02-20T18:24:53+00:00","dateModified":"2025-07-15T20:30:42+00:00","breadcrumb":{"@id":"https:\/\/biofizika.hr\/en\/clanstvo\/#breadcrumb"},"inLanguage":"en-GB","potentialAction":[{"@type":"ReadAction","target":["https:\/\/biofizika.hr\/en\/clanstvo\/"]}]},{"@type":"BreadcrumbList","@id":"https:\/\/biofizika.hr\/en\/clanstvo\/#breadcrumb","itemListElement":[{"@type":"ListItem","position":1,"name":"Home","item":"https:\/\/biofizika.hr\/en\/"},{"@type":"ListItem","position":2,"name":"\u010clanstvo"}]},{"@type":"WebSite","@id":"https:\/\/biofizika.hr\/en\/#website","url":"https:\/\/biofizika.hr\/en\/","name":"Biophysics","description":"Croatian Biophysical Society","publisher":{"@id":"https:\/\/biofizika.hr\/en\/#organization"},"potentialAction":[{"@type":"SearchAction","target":{"@type":"EntryPoint","urlTemplate":"https:\/\/biofizika.hr\/en\/?s={search_term_string}"},"query-input":{"@type":"PropertyValueSpecification","valueRequired":true,"valueName":"search_term_string"}}],"inLanguage":"en-GB"},{"@type":"Organization","@id":"https:\/\/biofizika.hr\/en\/#organization","name":"Biophysics","url":"https:\/\/biofizika.hr\/en\/","logo":{"@type":"ImageObject","inLanguage":"en-GB","@id":"https:\/\/biofizika.hr\/en\/#\/schema\/logo\/image\/","url":"https:\/\/biofizika.hr\/wp-content\/uploads\/2025\/06\/hbd-logo-green-hr.svg","contentUrl":"https:\/\/biofizika.hr\/wp-content\/uploads\/2025\/06\/hbd-logo-green-hr.svg","width":1,"height":1,"caption":"Biofizika"},"image":{"@id":"https:\/\/biofizika.hr\/en\/#\/schema\/logo\/image\/"}}]}},"_links":{"self":[{"href":"https:\/\/biofizika.hr\/en\/wp-json\/wp\/v2\/pages\/367","targetHints":{"allow":["GET"]}}],"collection":[{"href":"https:\/\/biofizika.hr\/en\/wp-json\/wp\/v2\/pages"}],"about":[{"href":"https:\/\/biofizika.hr\/en\/wp-json\/wp\/v2\/types\/page"}],"author":[{"embeddable":true,"href":"https:\/\/biofizika.hr\/en\/wp-json\/wp\/v2\/users\/1"}],"replies":[{"embeddable":true,"href":"https:\/\/biofizika.hr\/en\/wp-json\/wp\/v2\/comments?post=367"}],"version-history":[{"count":0,"href":"https:\/\/biofizika.hr\/en\/wp-json\/wp\/v2\/pages\/367\/revisions"}],"wp:attachment":[{"href":"https:\/\/biofizika.hr\/en\/wp-json\/wp\/v2\/media?parent=367"}],"curies":[{"name":"wp","href":"https:\/\/api.w.org\/{rel}","templated":true}]}}