{"id":2268,"date":"2021-04-08T17:51:40","date_gmt":"2021-04-08T16:51:40","guid":{"rendered":"https:\/\/staging.biofizika.hr\/?page_id=2268"},"modified":"2025-07-10T22:25:41","modified_gmt":"2025-07-10T20:25:41","slug":"politika-kolacica","status":"publish","type":"page","link":"https:\/\/biofizika.hr\/en\/politika-kolacica\/","title":{"rendered":"Cookie Policy"},"content":{"rendered":"<div class=\"wp-block-stackable-spacer stk-block-spacer stk--no-padding stk-block stk-691eb1b\" data-block-id=\"691eb1b\"><style>.stk-691eb1b {height:40px !important;}<\/style><\/div>\n\n\n\n<div class=\"wp-block-stackable-heading stk-block-heading stk-block-heading--v2 stk-block stk-ad578eb\" id=\"politika-kolacica\" data-block-id=\"ad578eb\"><style>.stk-ad578eb {margin-top:30px !important;margin-bottom:65px !important;}.stk-ad578eb .stk-block-heading__text{color:var(--stk-global-color-53819, #315536) !important;text-transform:uppercase !important;}<\/style><h2 class=\"stk-block-heading__text has-text-color has-text-align-center\">Cookie policy<\/h2><\/div>\n\n\n\n<div class=\"wp-block-stackable-columns stk-block-columns stk-block stk-87140a8\" data-block-id=\"87140a8\"><div class=\"stk-row stk-inner-blocks stk-block-content stk-content-align stk-87140a8-column\">\n<div class=\"wp-block-stackable-column stk-block-column stk-column stk-block stk-0e9e008\" data-v=\"4\" data-block-id=\"0e9e008\"><style>.stk-0e9e008-container{max-width:1440px !important;min-width:auto !important;margin-right:auto !important;margin-left:auto !important;}<\/style><div class=\"stk-column-wrapper stk-block-column__content stk-container stk-0e9e008-container stk--no-background stk--no-padding\"><div class=\"stk-block-content stk-inner-blocks stk-0e9e008-inner-blocks\">\n<h3 class=\"wp-block-heading\" data-block-type=\"core\">Cookie Policy<\/h3>\n\n\n\n<p data-block-type=\"core\">To ensure the proper functioning of this website, we sometimes store small data files known as cookies on your devices.<\/p>\n\n\n\n<h3 class=\"wp-block-heading\" data-block-type=\"core\">What are cookies?<\/h3>\n\n\n\n<p data-block-type=\"core\">A cookie is a small data file that is stored on your computer or mobile device when you visit a particular website. Cookies allow a website to remember your actions and preferences (such as your username, language, font size, and other display preferences) over a longer period of time, so you don&#039;t have to re-enter them each time you return to the website or move from one page to another.<\/p>\n\n\n\n<h3 class=\"wp-block-heading\" data-block-type=\"core\">How do we use cookies?<\/h3>\n\n\n\n<p data-block-type=\"core\">On some of our pages we use cookies that are not strictly necessary for the website to function, but they will allow you to browse more comfortably. You can delete or block these cookies, but if you do so, some functions of the site may not work as intended. The following information is stored using cookies:<\/p>\n\n\n\n<ul class=\"wp-block-list\" data-block-type=\"core\">\n<li data-block-type=\"core\">your preferred display settings, such as browser language, color contrast, font size; the device used, your preferred display settings for search results and notifications<\/li>\n\n\n\n<li data-block-type=\"core\">whether or not you have consented to our use of cookies on that site<\/li>\n<\/ul>\n\n\n\n<h3 class=\"wp-block-heading\" data-block-type=\"core\">Personal data<\/h3>\n\n\n\n<p data-block-type=\"core\">The information associated with cookies does not identify you, and data about your browsing habits is solely under our control. We do not use cookies for any purposes other than those described here.<\/p>\n\n\n\n<p data-block-type=\"core\"><strong>Third-party cookies<\/strong><\/p>\n\n\n\n<p data-block-type=\"core\">Sometimes we also use external services for statistical purposes to track the use of the site, such as Google Analytics. In this case, Google will send its own cookies to your computer \u2013 so-called third-party cookies. The same happens when we use maps on Google Maps. You can refuse third-party cookies when you first visit the site, and in this way third-party scripts will not be loaded.<\/p>\n\n\n\n<h3 class=\"wp-block-heading\" data-block-type=\"core\">How are cookies controlled?<\/h3>\n\n\n\n<p data-block-type=\"core\">You can control and\/or delete cookies as you wish. You can delete all cookies that are already stored on your device, and most browsers allow you to block the storage of cookies. If you block cookies, you may have to manually adjust some of your preferences each time you visit the website, and certain services and features may not be available. If you do not want to receive cookies on your computer, you can set your browser to notify you when it detects them or you can automatically reject them all. You can also delete any cookies that you have already received. If you want to restrict or block cookies that have already been installed, you can do this through your browser settings.<\/p>\n\n\n\n<p data-block-type=\"core\">Find out how on the website&nbsp;<a href=\"http:\/\/www.aboutcookies.org\/\">www.aboutcookies.org<\/a>, where you can find detailed instructions related to different browsers.<\/p>\n<\/div><\/div><\/div>\n<\/div><\/div>","protected":false},"excerpt":{"rendered":"<p>Cookie Policy Cookie Policy To ensure the proper functioning of this website, we sometimes store small data files on your devices\u2026<\/p>","protected":false},"author":1,"featured_media":0,"parent":0,"menu_order":0,"comment_status":"closed","ping_status":"closed","template":"","meta":{"iawp_total_views":6,"footnotes":""},"class_list":["post-2268","page","type-page","status-publish","hentry"],"yoast_head":"<!-- This site is optimized with the Yoast SEO plugin v27.3 - https:\/\/yoast.com\/product\/yoast-seo-wordpress\/ -->\n<title>Politika kola\u010di\u0107a (Cookie) - Biofizika<\/title>\n<meta name=\"robots\" content=\"index, follow, max-snippet:-1, max-image-preview:large, max-video-preview:-1\" \/>\n<link rel=\"canonical\" href=\"https:\/\/biofizika.hr\/en\/politika-kolacica\/\" \/>\n<meta property=\"og:locale\" content=\"en_GB\" \/>\n<meta property=\"og:type\" content=\"article\" \/>\n<meta property=\"og:title\" content=\"Politika kola\u010di\u0107a (Cookie) - Biofizika\" \/>\n<meta property=\"og:description\" content=\"Politika kola\u010di\u0107a Pravila o kola\u010di\u0107ima Kako bi se osigurao ispravan rad ovog web-mjesta, ponekad na va\u0161e ure\u0111aje pohranjujemo male podatkovne...\" \/>\n<meta property=\"og:url\" content=\"https:\/\/biofizika.hr\/en\/politika-kolacica\/\" \/>\n<meta property=\"og:site_name\" content=\"Biofizika\" \/>\n<meta property=\"article:modified_time\" content=\"2025-07-10T20:25:41+00:00\" \/>\n<meta name=\"twitter:card\" content=\"summary_large_image\" \/>\n<meta name=\"twitter:label1\" content=\"Estimated reading time\" \/>\n\t<meta name=\"twitter:data1\" content=\"3 minutes\" \/>\n<script type=\"application\/ld+json\" class=\"yoast-schema-graph\">{\"@context\":\"https:\\\/\\\/schema.org\",\"@graph\":[{\"@type\":\"WebPage\",\"@id\":\"https:\\\/\\\/biofizika.hr\\\/politika-kolacica\\\/\",\"url\":\"https:\\\/\\\/biofizika.hr\\\/politika-kolacica\\\/\",\"name\":\"Politika kola\u010di\u0107a (Cookie) - Biofizika\",\"isPartOf\":{\"@id\":\"https:\\\/\\\/biofizika.hr\\\/en\\\/#website\"},\"datePublished\":\"2021-04-08T16:51:40+00:00\",\"dateModified\":\"2025-07-10T20:25:41+00:00\",\"breadcrumb\":{\"@id\":\"https:\\\/\\\/biofizika.hr\\\/politika-kolacica\\\/#breadcrumb\"},\"inLanguage\":\"en-GB\",\"potentialAction\":[{\"@type\":\"ReadAction\",\"target\":[\"https:\\\/\\\/biofizika.hr\\\/politika-kolacica\\\/\"]}]},{\"@type\":\"BreadcrumbList\",\"@id\":\"https:\\\/\\\/biofizika.hr\\\/politika-kolacica\\\/#breadcrumb\",\"itemListElement\":[{\"@type\":\"ListItem\",\"position\":1,\"name\":\"Home\",\"item\":\"https:\\\/\\\/biofizika.hr\\\/en\\\/\"},{\"@type\":\"ListItem\",\"position\":2,\"name\":\"Politika kola\u010di\u0107a (Cookie)\"}]},{\"@type\":\"WebSite\",\"@id\":\"https:\\\/\\\/biofizika.hr\\\/en\\\/#website\",\"url\":\"https:\\\/\\\/biofizika.hr\\\/en\\\/\",\"name\":\"Biofizika\",\"description\":\"Hrvatsko biofizi\u010dko dru\u0161tvo\",\"publisher\":{\"@id\":\"https:\\\/\\\/biofizika.hr\\\/en\\\/#organization\"},\"potentialAction\":[{\"@type\":\"SearchAction\",\"target\":{\"@type\":\"EntryPoint\",\"urlTemplate\":\"https:\\\/\\\/biofizika.hr\\\/en\\\/?s={search_term_string}\"},\"query-input\":{\"@type\":\"PropertyValueSpecification\",\"valueRequired\":true,\"valueName\":\"search_term_string\"}}],\"inLanguage\":\"en-GB\"},{\"@type\":\"Organization\",\"@id\":\"https:\\\/\\\/biofizika.hr\\\/en\\\/#organization\",\"name\":\"Biofizika\",\"url\":\"https:\\\/\\\/biofizika.hr\\\/en\\\/\",\"logo\":{\"@type\":\"ImageObject\",\"inLanguage\":\"en-GB\",\"@id\":\"https:\\\/\\\/biofizika.hr\\\/en\\\/#\\\/schema\\\/logo\\\/image\\\/\",\"url\":\"https:\\\/\\\/biofizika.hr\\\/wp-content\\\/uploads\\\/2025\\\/06\\\/hbd-logo-green-hr.svg\",\"contentUrl\":\"https:\\\/\\\/biofizika.hr\\\/wp-content\\\/uploads\\\/2025\\\/06\\\/hbd-logo-green-hr.svg\",\"width\":1,\"height\":1,\"caption\":\"Biofizika\"},\"image\":{\"@id\":\"https:\\\/\\\/biofizika.hr\\\/en\\\/#\\\/schema\\\/logo\\\/image\\\/\"}}]}<\/script>\n<!-- \/ Yoast SEO plugin. -->","yoast_head_json":{"title":"Cookie Policy - Biophysics","robots":{"index":"index","follow":"follow","max-snippet":"max-snippet:-1","max-image-preview":"max-image-preview:large","max-video-preview":"max-video-preview:-1"},"canonical":"https:\/\/biofizika.hr\/en\/politika-kolacica\/","og_locale":"en_GB","og_type":"article","og_title":"Politika kola\u010di\u0107a (Cookie) - Biofizika","og_description":"Politika kola\u010di\u0107a Pravila o kola\u010di\u0107ima Kako bi se osigurao ispravan rad ovog web-mjesta, ponekad na va\u0161e ure\u0111aje pohranjujemo male podatkovne...","og_url":"https:\/\/biofizika.hr\/en\/politika-kolacica\/","og_site_name":"Biofizika","article_modified_time":"2025-07-10T20:25:41+00:00","twitter_card":"summary_large_image","twitter_misc":{"Estimated reading time":"3 minutes"},"schema":{"@context":"https:\/\/schema.org","@graph":[{"@type":"WebPage","@id":"https:\/\/biofizika.hr\/politika-kolacica\/","url":"https:\/\/biofizika.hr\/politika-kolacica\/","name":"Cookie Policy - Biophysics","isPartOf":{"@id":"https:\/\/biofizika.hr\/en\/#website"},"datePublished":"2021-04-08T16:51:40+00:00","dateModified":"2025-07-10T20:25:41+00:00","breadcrumb":{"@id":"https:\/\/biofizika.hr\/politika-kolacica\/#breadcrumb"},"inLanguage":"en-GB","potentialAction":[{"@type":"ReadAction","target":["https:\/\/biofizika.hr\/politika-kolacica\/"]}]},{"@type":"BreadcrumbList","@id":"https:\/\/biofizika.hr\/politika-kolacica\/#breadcrumb","itemListElement":[{"@type":"ListItem","position":1,"name":"Home","item":"https:\/\/biofizika.hr\/en\/"},{"@type":"ListItem","position":2,"name":"Politika kola\u010di\u0107a (Cookie)"}]},{"@type":"WebSite","@id":"https:\/\/biofizika.hr\/en\/#website","url":"https:\/\/biofizika.hr\/en\/","name":"Biophysics","description":"Croatian Biophysical Society","publisher":{"@id":"https:\/\/biofizika.hr\/en\/#organization"},"potentialAction":[{"@type":"SearchAction","target":{"@type":"EntryPoint","urlTemplate":"https:\/\/biofizika.hr\/en\/?s={search_term_string}"},"query-input":{"@type":"PropertyValueSpecification","valueRequired":true,"valueName":"search_term_string"}}],"inLanguage":"en-GB"},{"@type":"Organization","@id":"https:\/\/biofizika.hr\/en\/#organization","name":"Biophysics","url":"https:\/\/biofizika.hr\/en\/","logo":{"@type":"ImageObject","inLanguage":"en-GB","@id":"https:\/\/biofizika.hr\/en\/#\/schema\/logo\/image\/","url":"https:\/\/biofizika.hr\/wp-content\/uploads\/2025\/06\/hbd-logo-green-hr.svg","contentUrl":"https:\/\/biofizika.hr\/wp-content\/uploads\/2025\/06\/hbd-logo-green-hr.svg","width":1,"height":1,"caption":"Biofizika"},"image":{"@id":"https:\/\/biofizika.hr\/en\/#\/schema\/logo\/image\/"}}]}},"_links":{"self":[{"href":"https:\/\/biofizika.hr\/en\/wp-json\/wp\/v2\/pages\/2268","targetHints":{"allow":["GET"]}}],"collection":[{"href":"https:\/\/biofizika.hr\/en\/wp-json\/wp\/v2\/pages"}],"about":[{"href":"https:\/\/biofizika.hr\/en\/wp-json\/wp\/v2\/types\/page"}],"author":[{"embeddable":true,"href":"https:\/\/biofizika.hr\/en\/wp-json\/wp\/v2\/users\/1"}],"replies":[{"embeddable":true,"href":"https:\/\/biofizika.hr\/en\/wp-json\/wp\/v2\/comments?post=2268"}],"version-history":[{"count":2,"href":"https:\/\/biofizika.hr\/en\/wp-json\/wp\/v2\/pages\/2268\/revisions"}],"predecessor-version":[{"id":4354,"href":"https:\/\/biofizika.hr\/en\/wp-json\/wp\/v2\/pages\/2268\/revisions\/4354"}],"wp:attachment":[{"href":"https:\/\/biofizika.hr\/en\/wp-json\/wp\/v2\/media?parent=2268"}],"curies":[{"name":"wp","href":"https:\/\/api.w.org\/{rel}","templated":true}]}}