{"id":1780,"date":"2020-03-09T17:50:18","date_gmt":"2020-03-09T17:50:18","guid":{"rendered":"http:\/\/pubweb.carnet.hr\/biofizika\/?page_id=1780"},"modified":"2025-08-31T21:16:23","modified_gmt":"2025-08-31T19:16:23","slug":"dokumenti","status":"publish","type":"page","link":"https:\/\/biofizika.hr\/en\/onama\/dokumenti\/","title":{"rendered":"Documents"},"content":{"rendered":"<div class=\"wp-block-stackable-spacer stk-block-spacer stk--no-padding stk-block stk-5011e61\" data-block-id=\"5011e61\"><style>.stk-5011e61 {height:40px !important;}<\/style><\/div>\n\n\n\n<div class=\"wp-block-stackable-heading stk-block-heading stk-block-heading--v2 stk-block stk-ad578eb\" id=\"dokumenti\" data-block-id=\"ad578eb\"><style>.stk-ad578eb {margin-top:30px !important;margin-bottom:65px !important;}.stk-ad578eb .stk-block-heading__text{color:var(--stk-global-color-53819, #315536) !important;text-transform:uppercase !important;}<\/style><h2 class=\"stk-block-heading__text has-text-color has-text-align-center\">Documents<\/h2><\/div>\n\n\n\n<div class=\"wp-block-stackable-columns alignfull stk-block-columns stk-block stk-2327fa4\" data-block-id=\"2327fa4\"><style>.stk-2327fa4 {padding-top:var(--stk--preset--spacing--40, 1rem) !important;padding-right:var(--stk--preset--spacing--40, 1rem) !important;padding-bottom:var(--stk--preset--spacing--40, 1rem) !important;padding-left:var(--stk--preset--spacing--40, 1rem) !important;margin-bottom:90px !important;}.stk-2327fa4-column{max-width:1440px !important;min-width:auto !important;margin-right:auto !important;margin-left:auto !important;--stk-column-gap:var(--stk--preset--spacing--40, 1rem) !important;flex-wrap:wrap !important;--stk-flex-grow:0 !important;row-gap:var(--stk--preset--spacing--40, 1rem) !important;justify-content:space-around !important;}<\/style><div class=\"stk-row stk-inner-blocks has-text-align-center stk-block-content stk-content-align stk-2327fa4-column stk--flex alignfull\">\n<div class=\"wp-block-stackable-column stk-block-column stk-column stk-block stk-5482f85\" data-v=\"4\" data-block-id=\"5482f85\"><style>.stk-5482f85 {align-self:stretch !important;border-top-left-radius:var(--stk--preset--border-radius--x-large, 24px) !important;border-top-right-radius:var(--stk--preset--border-radius--x-large, 24px) !important;border-bottom-right-radius:var(--stk--preset--border-radius--x-large, 24px) !important;border-bottom-left-radius:var(--stk--preset--border-radius--x-large, 24px) !important;overflow:hidden !important;border-style:solid !important;border-color:#abb8c3 !important;border-top-width:1px !important;border-right-width:1px !important;border-bottom-width:1px !important;border-left-width:1px !important;max-width:360px !important;min-width:auto !important;padding-top:var(--stk--preset--spacing--40, 1rem) !important;padding-right:var(--stk--preset--spacing--40, 1rem) !important;padding-bottom:var(--stk--preset--spacing--40, 1rem) !important;padding-left:var(--stk--preset--spacing--40, 1rem) !important;margin-right:auto !important;margin-left:auto !important;}.stk-5482f85-inner-blocks{justify-content:space-between !important;}<\/style><div class=\"stk-column-wrapper stk-block-column__content stk-container stk-5482f85-container stk--no-background stk--no-padding\"><div class=\"stk--column-flex stk-block-content stk-inner-blocks stk-5482f85-inner-blocks\">\n<div class=\"wp-block-stackable-heading stk-block-heading stk-block-heading--v2 stk-block stk-17c4e68\" id=\"ciljevi-drustva\" data-block-id=\"17c4e68\"><style>.stk-17c4e68 {margin-top:8px !important;margin-bottom:13px !important;}.stk-17c4e68 .stk-block-heading__text{font-size:22px !important;color:var(--stk-global-color-53819, #315536) !important;}@media screen and (max-width: 1023px){.stk-17c4e68 .stk-block-heading__text{font-size:22px !important;}}<\/style><h3 class=\"stk-block-heading__text has-text-color has-text-align-center\">HBD Statute 2023<\/h3><\/div>\n\n\n\n<div class=\"wp-block-stackable-divider stk-block-divider stk-block stk-4fa8a1d is-style-bar\" id=\"hrvatsko-biofizicko-drustvo\" data-block-id=\"4fa8a1d\"><style>.stk-4fa8a1d hr.stk-block-divider__hr{background:var(--stk-global-color-53819, #315536) !important;border-radius:calc(3px \/ 2) !important;height:3px !important;width:25% !important;}.stk-4fa8a1d {margin-bottom:1px !important;}<\/style><hr class=\"stk-block-divider__hr\"\/><\/div>\n\n\n<p data-block-type=\"core\"><div class=\"_3d-flip-book  fb3d-thumbnail-lightbox-mode\" data-id=\"0\" data-mode=\"thumbnail-lightbox\" data-title=\"false\" data-template=\"short-white-book-view\" data-lightbox=\"dark-shadow\" data-urlparam=\"fb3d-page\" data-page-n=\"0\" data-pdf=\"\/wp-content\/uploads\/2023\/12\/Statut-HBD_Izvorni_dokument_22-3-2023_ovjeren_3-8-2023.pdf\" data-tax=\"null\" data-thumbnail=\"\" data-cols=\"3\" data-book-template=\"default\" data-trigger=\"\"><\/div><\/p>\n\n\n\n<div class=\"wp-block-stackable-button-group stk-block-button-group stk-block stk-cb2b81c\" data-block-id=\"cb2b81c\"><div class=\"stk-row stk-inner-blocks stk-block-content stk-button-group\">\n<div class=\"wp-block-stackable-button stk-block-button stk-block stk-89cdffe\" data-block-id=\"89cdffe\"><style>.stk-89cdffe .stk-button{padding-top:var(--stk--preset--spacing--20, 0.44rem) !important;padding-right:var(--stk--preset--spacing--60, 2.25rem) !important;padding-bottom:var(--stk--preset--spacing--20, 0.44rem) !important;padding-left:var(--stk--preset--spacing--60, 2.25rem) !important;background:var(--stk-global-color-53819, #315536) !important;border-top-left-radius:var(--stk--preset--border-radius--medium, 8px) !important;border-top-right-radius:var(--stk--preset--border-radius--medium, 8px) !important;border-bottom-right-radius:var(--stk--preset--border-radius--medium, 8px) !important;border-bottom-left-radius:var(--stk--preset--border-radius--medium, 8px) !important;}.stk-89cdffe .stk-button__inner-text{font-size:0.9em !important;color:#ffffff !important;font-weight:800 !important;text-transform:uppercase !important;font-family:\"Poppins\", Sans-serif !important;}@media screen and (max-width: 1023px){.stk-89cdffe .stk-button__inner-text{font-size:0.9em !important;}}<\/style><a download class=\"stk-link stk-button stk--hover-effect-darken\" href=\"\/wp-content\/uploads\/2023\/12\/Statut-HBD_Izvorni_dokument_22-3-2023_ovjeren_3-8-2023.pdf\"><span class=\"has-text-color stk-button__inner-text\">Download<\/span><\/a><\/div>\n<\/div><\/div>\n<\/div><\/div><\/div>\n\n\n\n<div class=\"wp-block-stackable-column stk-block-column stk-column stk-block stk-c978574\" data-v=\"4\" data-block-id=\"c978574\"><style>.stk-c978574 {align-self:stretch !important;border-top-left-radius:var(--stk--preset--border-radius--x-large, 24px) !important;border-top-right-radius:var(--stk--preset--border-radius--x-large, 24px) !important;border-bottom-right-radius:var(--stk--preset--border-radius--x-large, 24px) !important;border-bottom-left-radius:var(--stk--preset--border-radius--x-large, 24px) !important;overflow:hidden !important;border-style:solid !important;border-color:#abb8c3 !important;border-top-width:1px !important;border-right-width:1px !important;border-bottom-width:1px !important;border-left-width:1px !important;max-width:360px !important;min-width:auto !important;padding-top:var(--stk--preset--spacing--40, 1rem) !important;padding-right:var(--stk--preset--spacing--40, 1rem) !important;padding-bottom:var(--stk--preset--spacing--40, 1rem) !important;padding-left:var(--stk--preset--spacing--40, 1rem) !important;margin-right:auto !important;margin-left:auto !important;}.stk-c978574-inner-blocks{justify-content:space-between !important;}<\/style><div class=\"stk-column-wrapper stk-block-column__content stk-container stk-c978574-container stk--no-background stk--no-padding\"><div class=\"stk--column-flex stk-block-content stk-inner-blocks stk-c978574-inner-blocks\">\n<div class=\"wp-block-stackable-heading stk-block-heading stk-block-heading--v2 stk-block stk-7acce75\" id=\"ciljevi-drustva\" data-block-id=\"7acce75\"><style>.stk-7acce75 {margin-top:8px !important;margin-bottom:13px !important;}.stk-7acce75 .stk-block-heading__text{font-size:22px !important;color:var(--stk-global-color-53819, #315536) !important;}@media screen and (max-width: 1023px){.stk-7acce75 .stk-block-heading__text{font-size:22px !important;}}<\/style><h3 class=\"stk-block-heading__text has-text-color has-text-align-center\">Charter <br>honorary member of HBD: <br>Dr. Sini\u0161a Mari\u010di\u0107<\/h3><\/div>\n\n\n\n<div class=\"wp-block-stackable-divider stk-block-divider stk-block stk-614fd9a is-style-bar\" id=\"hrvatsko-biofizicko-drustvo\" data-block-id=\"614fd9a\"><style>.stk-614fd9a hr.stk-block-divider__hr{background:var(--stk-global-color-53819, #315536) !important;border-radius:calc(3px \/ 2) !important;height:3px !important;width:25% !important;}.stk-614fd9a {margin-bottom:1px !important;}<\/style><hr class=\"stk-block-divider__hr\"\/><\/div>\n\n\n<p data-block-type=\"core\"><div class=\"_3d-flip-book  fb3d-thumbnail-lightbox-mode\" data-id=\"0\" data-mode=\"thumbnail-lightbox\" data-title=\"false\" data-template=\"short-white-book-view\" data-lightbox=\"dark-shadow\" data-urlparam=\"fb3d-page\" data-page-n=\"0\" data-pdf=\"\/wp-content\/uploads\/2020\/04\/maricicv04_povelja.pdf\" data-tax=\"null\" data-thumbnail=\"\" data-cols=\"3\" data-book-template=\"default\" data-trigger=\"\"><\/div><\/p>\n\n\n\n<div class=\"wp-block-stackable-button-group stk-block-button-group stk-block stk-6494cf4\" data-block-id=\"6494cf4\"><div class=\"stk-row stk-inner-blocks stk-block-content stk-button-group\">\n<div class=\"wp-block-stackable-button stk-block-button stk-block stk-210f335\" data-block-id=\"210f335\"><style>.stk-210f335 .stk-button{padding-top:var(--stk--preset--spacing--20, 0.44rem) !important;padding-right:var(--stk--preset--spacing--60, 2.25rem) !important;padding-bottom:var(--stk--preset--spacing--20, 0.44rem) !important;padding-left:var(--stk--preset--spacing--60, 2.25rem) !important;background:var(--stk-global-color-53819, #315536) !important;border-top-left-radius:var(--stk--preset--border-radius--medium, 8px) !important;border-top-right-radius:var(--stk--preset--border-radius--medium, 8px) !important;border-bottom-right-radius:var(--stk--preset--border-radius--medium, 8px) !important;border-bottom-left-radius:var(--stk--preset--border-radius--medium, 8px) !important;}.stk-210f335 .stk-button__inner-text{font-size:0.9em !important;color:#ffffff !important;font-weight:800 !important;text-transform:uppercase !important;font-family:\"Poppins\", Sans-serif !important;}@media screen and (max-width: 1023px){.stk-210f335 .stk-button__inner-text{font-size:0.9em !important;}}<\/style><a download class=\"stk-link stk-button stk--hover-effect-darken\" href=\"\/wp-content\/uploads\/2020\/04\/maricicv04_povelja.pdf\"><span class=\"has-text-color stk-button__inner-text\">Download<\/span><\/a><\/div>\n<\/div><\/div>\n<\/div><\/div><\/div>\n<\/div><\/div>\n\n\n\n\n\n<style>\n.stk-block-column {\nwidth:340px!important\n}\n<\/style>","protected":false},"excerpt":{"rendered":"<p>Documents HBD Statute 2023 Download Charter of Honorary Member of HBD: Dr. Sini\u0161a Mari\u010di\u0107 Download HBD Statute 2015 Download Printout from the Register\u2026<\/p>","protected":false},"author":1,"featured_media":0,"parent":354,"menu_order":0,"comment_status":"closed","ping_status":"closed","template":"","meta":{"iawp_total_views":24,"footnotes":""},"class_list":["post-1780","page","type-page","status-publish","hentry"],"yoast_head":"<!-- This site is optimized with the Yoast SEO plugin v27.3 - https:\/\/yoast.com\/product\/yoast-seo-wordpress\/ -->\n<title>Dokumenti - Biofizika<\/title>\n<meta name=\"robots\" content=\"index, follow, max-snippet:-1, max-image-preview:large, max-video-preview:-1\" \/>\n<link rel=\"canonical\" href=\"https:\/\/biofizika.hr\/en\/onama\/dokumenti\/\" \/>\n<meta property=\"og:locale\" content=\"en_GB\" \/>\n<meta property=\"og:type\" content=\"article\" \/>\n<meta property=\"og:title\" content=\"Dokumenti - Biofizika\" \/>\n<meta property=\"og:description\" content=\"Dokumenti Statut HBD-a 2023 Preuzmi Povelja po\u010dasnog \u010dlana HBD-a: Dr.sc. Sini\u0161a Mari\u010di\u0107 Preuzmi Statut HBD-a 2015 Preuzmi Ispis iz Registra...\" \/>\n<meta property=\"og:url\" content=\"https:\/\/biofizika.hr\/en\/onama\/dokumenti\/\" \/>\n<meta property=\"og:site_name\" content=\"Biofizika\" \/>\n<meta property=\"article:modified_time\" content=\"2025-08-31T19:16:23+00:00\" \/>\n<meta name=\"twitter:card\" content=\"summary_large_image\" \/>\n<meta name=\"twitter:label1\" content=\"Estimated reading time\" \/>\n\t<meta name=\"twitter:data1\" content=\"2 minutes\" \/>\n<script type=\"application\/ld+json\" class=\"yoast-schema-graph\">{\"@context\":\"https:\\\/\\\/schema.org\",\"@graph\":[{\"@type\":\"WebPage\",\"@id\":\"https:\\\/\\\/biofizika.hr\\\/onama\\\/dokumenti\\\/\",\"url\":\"https:\\\/\\\/biofizika.hr\\\/onama\\\/dokumenti\\\/\",\"name\":\"Dokumenti - Biofizika\",\"isPartOf\":{\"@id\":\"https:\\\/\\\/biofizika.hr\\\/en\\\/#website\"},\"datePublished\":\"2020-03-09T17:50:18+00:00\",\"dateModified\":\"2025-08-31T19:16:23+00:00\",\"breadcrumb\":{\"@id\":\"https:\\\/\\\/biofizika.hr\\\/onama\\\/dokumenti\\\/#breadcrumb\"},\"inLanguage\":\"en-GB\",\"potentialAction\":[{\"@type\":\"ReadAction\",\"target\":[\"https:\\\/\\\/biofizika.hr\\\/onama\\\/dokumenti\\\/\"]}]},{\"@type\":\"BreadcrumbList\",\"@id\":\"https:\\\/\\\/biofizika.hr\\\/onama\\\/dokumenti\\\/#breadcrumb\",\"itemListElement\":[{\"@type\":\"ListItem\",\"position\":1,\"name\":\"Home\",\"item\":\"https:\\\/\\\/biofizika.hr\\\/en\\\/\"},{\"@type\":\"ListItem\",\"position\":2,\"name\":\"O nama\",\"item\":\"https:\\\/\\\/biofizika.hr\\\/onama\\\/\"},{\"@type\":\"ListItem\",\"position\":3,\"name\":\"Dokumenti\"}]},{\"@type\":\"WebSite\",\"@id\":\"https:\\\/\\\/biofizika.hr\\\/en\\\/#website\",\"url\":\"https:\\\/\\\/biofizika.hr\\\/en\\\/\",\"name\":\"Biofizika\",\"description\":\"Hrvatsko biofizi\u010dko dru\u0161tvo\",\"publisher\":{\"@id\":\"https:\\\/\\\/biofizika.hr\\\/en\\\/#organization\"},\"potentialAction\":[{\"@type\":\"SearchAction\",\"target\":{\"@type\":\"EntryPoint\",\"urlTemplate\":\"https:\\\/\\\/biofizika.hr\\\/en\\\/?s={search_term_string}\"},\"query-input\":{\"@type\":\"PropertyValueSpecification\",\"valueRequired\":true,\"valueName\":\"search_term_string\"}}],\"inLanguage\":\"en-GB\"},{\"@type\":\"Organization\",\"@id\":\"https:\\\/\\\/biofizika.hr\\\/en\\\/#organization\",\"name\":\"Biofizika\",\"url\":\"https:\\\/\\\/biofizika.hr\\\/en\\\/\",\"logo\":{\"@type\":\"ImageObject\",\"inLanguage\":\"en-GB\",\"@id\":\"https:\\\/\\\/biofizika.hr\\\/en\\\/#\\\/schema\\\/logo\\\/image\\\/\",\"url\":\"https:\\\/\\\/biofizika.hr\\\/wp-content\\\/uploads\\\/2025\\\/06\\\/hbd-logo-green-hr.svg\",\"contentUrl\":\"https:\\\/\\\/biofizika.hr\\\/wp-content\\\/uploads\\\/2025\\\/06\\\/hbd-logo-green-hr.svg\",\"width\":1,\"height\":1,\"caption\":\"Biofizika\"},\"image\":{\"@id\":\"https:\\\/\\\/biofizika.hr\\\/en\\\/#\\\/schema\\\/logo\\\/image\\\/\"}}]}<\/script>\n<!-- \/ Yoast SEO plugin. -->","yoast_head_json":{"title":"Documents - Biophysics","robots":{"index":"index","follow":"follow","max-snippet":"max-snippet:-1","max-image-preview":"max-image-preview:large","max-video-preview":"max-video-preview:-1"},"canonical":"https:\/\/biofizika.hr\/en\/onama\/dokumenti\/","og_locale":"en_GB","og_type":"article","og_title":"Dokumenti - Biofizika","og_description":"Dokumenti Statut HBD-a 2023 Preuzmi Povelja po\u010dasnog \u010dlana HBD-a: Dr.sc. Sini\u0161a Mari\u010di\u0107 Preuzmi Statut HBD-a 2015 Preuzmi Ispis iz Registra...","og_url":"https:\/\/biofizika.hr\/en\/onama\/dokumenti\/","og_site_name":"Biofizika","article_modified_time":"2025-08-31T19:16:23+00:00","twitter_card":"summary_large_image","twitter_misc":{"Estimated reading time":"2 minutes"},"schema":{"@context":"https:\/\/schema.org","@graph":[{"@type":"WebPage","@id":"https:\/\/biofizika.hr\/onama\/dokumenti\/","url":"https:\/\/biofizika.hr\/onama\/dokumenti\/","name":"Documents - Biophysics","isPartOf":{"@id":"https:\/\/biofizika.hr\/en\/#website"},"datePublished":"2020-03-09T17:50:18+00:00","dateModified":"2025-08-31T19:16:23+00:00","breadcrumb":{"@id":"https:\/\/biofizika.hr\/onama\/dokumenti\/#breadcrumb"},"inLanguage":"en-GB","potentialAction":[{"@type":"ReadAction","target":["https:\/\/biofizika.hr\/onama\/dokumenti\/"]}]},{"@type":"BreadcrumbList","@id":"https:\/\/biofizika.hr\/onama\/dokumenti\/#breadcrumb","itemListElement":[{"@type":"ListItem","position":1,"name":"Home","item":"https:\/\/biofizika.hr\/en\/"},{"@type":"ListItem","position":2,"name":"O nama","item":"https:\/\/biofizika.hr\/onama\/"},{"@type":"ListItem","position":3,"name":"Dokumenti"}]},{"@type":"WebSite","@id":"https:\/\/biofizika.hr\/en\/#website","url":"https:\/\/biofizika.hr\/en\/","name":"Biophysics","description":"Croatian Biophysical Society","publisher":{"@id":"https:\/\/biofizika.hr\/en\/#organization"},"potentialAction":[{"@type":"SearchAction","target":{"@type":"EntryPoint","urlTemplate":"https:\/\/biofizika.hr\/en\/?s={search_term_string}"},"query-input":{"@type":"PropertyValueSpecification","valueRequired":true,"valueName":"search_term_string"}}],"inLanguage":"en-GB"},{"@type":"Organization","@id":"https:\/\/biofizika.hr\/en\/#organization","name":"Biophysics","url":"https:\/\/biofizika.hr\/en\/","logo":{"@type":"ImageObject","inLanguage":"en-GB","@id":"https:\/\/biofizika.hr\/en\/#\/schema\/logo\/image\/","url":"https:\/\/biofizika.hr\/wp-content\/uploads\/2025\/06\/hbd-logo-green-hr.svg","contentUrl":"https:\/\/biofizika.hr\/wp-content\/uploads\/2025\/06\/hbd-logo-green-hr.svg","width":1,"height":1,"caption":"Biofizika"},"image":{"@id":"https:\/\/biofizika.hr\/en\/#\/schema\/logo\/image\/"}}]}},"_links":{"self":[{"href":"https:\/\/biofizika.hr\/en\/wp-json\/wp\/v2\/pages\/1780","targetHints":{"allow":["GET"]}}],"collection":[{"href":"https:\/\/biofizika.hr\/en\/wp-json\/wp\/v2\/pages"}],"about":[{"href":"https:\/\/biofizika.hr\/en\/wp-json\/wp\/v2\/types\/page"}],"author":[{"embeddable":true,"href":"https:\/\/biofizika.hr\/en\/wp-json\/wp\/v2\/users\/1"}],"replies":[{"embeddable":true,"href":"https:\/\/biofizika.hr\/en\/wp-json\/wp\/v2\/comments?post=1780"}],"version-history":[{"count":0,"href":"https:\/\/biofizika.hr\/en\/wp-json\/wp\/v2\/pages\/1780\/revisions"}],"up":[{"embeddable":true,"href":"https:\/\/biofizika.hr\/en\/wp-json\/wp\/v2\/pages\/354"}],"wp:attachment":[{"href":"https:\/\/biofizika.hr\/en\/wp-json\/wp\/v2\/media?parent=1780"}],"curies":[{"name":"wp","href":"https:\/\/api.w.org\/{rel}","templated":true}]}}